{"id":55545,"date":"2023-03-16T20:08:38","date_gmt":"2023-03-16T19:08:38","guid":{"rendered":"https:\/\/www.coquard.fr\/produit\/doseur-volumetrique-50-1300-ml-dosage-produits-denses"},"modified":"2026-04-06T21:13:50","modified_gmt":"2026-04-06T19:13:50","slug":"doseur-volumetrique-50-1300-ml-dosage-produits-denses","status":"publish","type":"product","link":"https:\/\/www.coquard.fr\/es\/produit\/doseur-volumetrique-50-1300-ml-dosage-produits-denses","title":{"rendered":"DOSEUR VOLUMETRIQUE 50-1300 ML DOSAGE PRODUITS DENSES"},"content":{"rendered":"<p>Doseur \u00e0 piston enti\u00e8rement inox pour dosage de produits \u00e9pais uniquement : yaourt brass\u00e9 avec ou sans fruits, confiture, cr\u00e8me dessert. Ensemble complet comprenant un doseur volum\u00e9trique pour 50 \u00e0 1300 ml, une soupape de dosage pour produits denses, une tr\u00e9mie inox de 15 litres. Doseur \u00e0 poser sur table. Fonctionnement enti\u00e8rement pneumatique. Pas d&#8217;alimentation \u00e9lectrique n\u00e9cessaire. Cadence de 200 \u00e0 700 coups par heure selon volume de produit \u00e0 doser. Livr\u00e9 avec un kit joint de remplacement.<\/p>\n","protected":false},"excerpt":{"rendered":"<p>55545<\/p>\n","protected":false},"featured_media":49789,"comment_status":"closed","ping_status":"closed","template":"","meta":{"_acf_changed":false},"product_brand":[],"product_cat":[1501],"product_tag":[],"class_list":{"0":"post-55545","1":"product","2":"type-product","3":"status-publish","4":"has-post-thumbnail","6":"product_cat-dosificacion-y-llenado","8":"first","9":"onbackorder","10":"taxable","11":"shipping-taxable","12":"purchasable","13":"product-type-simple"},"acf":[],"_links":{"self":[{"href":"https:\/\/www.coquard.fr\/es\/wp-json\/wp\/v2\/product\/55545","targetHints":{"allow":["GET"]}}],"collection":[{"href":"https:\/\/www.coquard.fr\/es\/wp-json\/wp\/v2\/product"}],"about":[{"href":"https:\/\/www.coquard.fr\/es\/wp-json\/wp\/v2\/types\/product"}],"replies":[{"embeddable":true,"href":"https:\/\/www.coquard.fr\/es\/wp-json\/wp\/v2\/comments?post=55545"}],"wp:featuredmedia":[{"embeddable":true,"href":"https:\/\/www.coquard.fr\/es\/wp-json\/wp\/v2\/media\/49789"}],"wp:attachment":[{"href":"https:\/\/www.coquard.fr\/es\/wp-json\/wp\/v2\/media?parent=55545"}],"wp:term":[{"taxonomy":"product_brand","embeddable":true,"href":"https:\/\/www.coquard.fr\/es\/wp-json\/wp\/v2\/product_brand?post=55545"},{"taxonomy":"product_cat","embeddable":true,"href":"https:\/\/www.coquard.fr\/es\/wp-json\/wp\/v2\/product_cat?post=55545"},{"taxonomy":"product_tag","embeddable":true,"href":"https:\/\/www.coquard.fr\/es\/wp-json\/wp\/v2\/product_tag?post=55545"}],"curies":[{"name":"wp","href":"https:\/\/api.w.org\/{rel}","templated":true}]}}