{"id":55543,"date":"2023-01-09T16:33:06","date_gmt":"2023-01-09T15:33:06","guid":{"rendered":"https:\/\/www.coquard.fr\/produit\/passoire-de-salage-conique-inox"},"modified":"2026-01-08T15:01:54","modified_gmt":"2026-01-08T14:01:54","slug":"passoire-de-salage-conique-inox","status":"publish","type":"product","link":"https:\/\/www.coquard.fr\/es\/produit\/passoire-de-salage-conique-inox","title":{"rendered":"PASSOIRE DE SALAGE CONIQUE INOX"},"content":{"rendered":"<p>Passoire inox conique et l\u00e9g\u00e8re pour le salage des fromages au sel fin. Inox 304. Diam\u00e8tre 180 mm. Avec manche fin inox.  <\/p>\n","protected":false},"excerpt":{"rendered":"<p>55543<\/p>\n","protected":false},"featured_media":48017,"comment_status":"closed","ping_status":"closed","template":"","meta":{"_acf_changed":false},"product_brand":[],"product_cat":[1519],"product_tag":[],"class_list":{"0":"post-55543","1":"product","2":"type-product","3":"status-publish","4":"has-post-thumbnail","6":"product_cat-prensas-pinchadoras-salmuera-para-queso","8":"first","9":"instock","10":"taxable","11":"shipping-taxable","12":"purchasable","13":"product-type-simple"},"acf":[],"_links":{"self":[{"href":"https:\/\/www.coquard.fr\/es\/wp-json\/wp\/v2\/product\/55543","targetHints":{"allow":["GET"]}}],"collection":[{"href":"https:\/\/www.coquard.fr\/es\/wp-json\/wp\/v2\/product"}],"about":[{"href":"https:\/\/www.coquard.fr\/es\/wp-json\/wp\/v2\/types\/product"}],"replies":[{"embeddable":true,"href":"https:\/\/www.coquard.fr\/es\/wp-json\/wp\/v2\/comments?post=55543"}],"wp:featuredmedia":[{"embeddable":true,"href":"https:\/\/www.coquard.fr\/es\/wp-json\/wp\/v2\/media\/48017"}],"wp:attachment":[{"href":"https:\/\/www.coquard.fr\/es\/wp-json\/wp\/v2\/media?parent=55543"}],"wp:term":[{"taxonomy":"product_brand","embeddable":true,"href":"https:\/\/www.coquard.fr\/es\/wp-json\/wp\/v2\/product_brand?post=55543"},{"taxonomy":"product_cat","embeddable":true,"href":"https:\/\/www.coquard.fr\/es\/wp-json\/wp\/v2\/product_cat?post=55543"},{"taxonomy":"product_tag","embeddable":true,"href":"https:\/\/www.coquard.fr\/es\/wp-json\/wp\/v2\/product_tag?post=55543"}],"curies":[{"name":"wp","href":"https:\/\/api.w.org\/{rel}","templated":true}]}}