{"id":55522,"date":"2023-01-05T12:11:01","date_gmt":"2023-01-05T11:11:01","guid":{"rendered":"https:\/\/www.coquard.fr\/produit\/reducteur-de-pression-deau-a-3-bars-pour-uv"},"modified":"2026-01-08T15:50:30","modified_gmt":"2026-01-08T14:50:30","slug":"reducteur-de-pression-deau-a-3-bars-pour-uv","status":"publish","type":"product","link":"https:\/\/www.coquard.fr\/es\/produit\/reducteur-de-pression-deau-a-3-bars-pour-uv","title":{"rendered":"REDUCTEUR DE PRESSION D&#8217;EAU A 3 BARS POUR UV"},"content":{"rendered":"<p>Permet de prot\u00e9ger le traitement UV des variations de pression, de chocs et coups de b\u00e9liers dans le r\u00e9seau d&#8217;eau. A installer en amont des filtres et de l&#8217;UV. R\u00e9ducteur tar\u00e9 \u00e0 3 bars. Raccordement F\/F 3\/4&#8243; (20 x 27).<\/p>\n","protected":false},"excerpt":{"rendered":"<p>55522<\/p>\n","protected":false},"featured_media":57105,"comment_status":"closed","ping_status":"closed","template":"","meta":{"_acf_changed":false},"product_brand":[],"product_cat":[1598],"product_tag":[],"class_list":{"0":"post-55522","1":"product","2":"type-product","3":"status-publish","4":"has-post-thumbnail","6":"product_cat-tratamiento-de-agua-es","8":"first","9":"instock","10":"taxable","11":"shipping-taxable","12":"purchasable","13":"product-type-simple"},"acf":[],"_links":{"self":[{"href":"https:\/\/www.coquard.fr\/es\/wp-json\/wp\/v2\/product\/55522","targetHints":{"allow":["GET"]}}],"collection":[{"href":"https:\/\/www.coquard.fr\/es\/wp-json\/wp\/v2\/product"}],"about":[{"href":"https:\/\/www.coquard.fr\/es\/wp-json\/wp\/v2\/types\/product"}],"replies":[{"embeddable":true,"href":"https:\/\/www.coquard.fr\/es\/wp-json\/wp\/v2\/comments?post=55522"}],"wp:featuredmedia":[{"embeddable":true,"href":"https:\/\/www.coquard.fr\/es\/wp-json\/wp\/v2\/media\/57105"}],"wp:attachment":[{"href":"https:\/\/www.coquard.fr\/es\/wp-json\/wp\/v2\/media?parent=55522"}],"wp:term":[{"taxonomy":"product_brand","embeddable":true,"href":"https:\/\/www.coquard.fr\/es\/wp-json\/wp\/v2\/product_brand?post=55522"},{"taxonomy":"product_cat","embeddable":true,"href":"https:\/\/www.coquard.fr\/es\/wp-json\/wp\/v2\/product_cat?post=55522"},{"taxonomy":"product_tag","embeddable":true,"href":"https:\/\/www.coquard.fr\/es\/wp-json\/wp\/v2\/product_tag?post=55522"}],"curies":[{"name":"wp","href":"https:\/\/api.w.org\/{rel}","templated":true}]}}