{"id":55505,"date":"2023-01-06T10:22:02","date_gmt":"2023-01-06T09:22:02","guid":{"rendered":"https:\/\/www.coquard.fr\/produit\/bruleur-16-kw-pour-marmite-et-chaudron"},"modified":"2026-01-30T13:09:34","modified_gmt":"2026-01-30T12:09:34","slug":"bruleur-16-kw-pour-marmite-et-chaudron","status":"publish","type":"product","link":"https:\/\/www.coquard.fr\/es\/produit\/bruleur-16-kw-pour-marmite-et-chaudron","title":{"rendered":"BRULEUR 16 KW POUR MARMITE ET CHAUDRON"},"content":{"rendered":"<p>Br\u00fbleur pour marmite et chaudron de 50 \u00e0 200 litres de lait environ. Br\u00fbleur \u00e0 gaz propane 16 KW \u00e0 37 mbar, ou 13 KW \u00e0 20 mbar en gaz naturel. Montage sp\u00e9cifique sp\u00e9cial laiterie avec tube en inox et traitement nickel-chrome sur le br\u00fbleur. Flamme semi-horizontale double couronne. S\u00e9curit\u00e9 de flamme inclus dans le robinet. N&#8217;inclus ni veilleuse ni allumage \u00e0 pile. Entraxe 460 mm. Diam\u00e8tre 160 mm. Arriv\u00e9e gaz M1\/2&#8243; sans flexible.  S&#8217;assurer d&#8217;une entr\u00e9e d&#8217;air et d&#8217;une ventilation suffisante dans le local.<\/p>\n","protected":false},"excerpt":{"rendered":"<p>55505<\/p>\n","protected":false},"featured_media":47914,"comment_status":"closed","ping_status":"closed","template":"","meta":{"_acf_changed":false},"product_brand":[],"product_cat":[1511],"product_tag":[],"class_list":{"0":"post-55505","1":"product","2":"type-product","3":"status-publish","4":"has-post-thumbnail","6":"product_cat-marmitas-y-calderos","8":"first","9":"instock","10":"taxable","11":"shipping-taxable","12":"purchasable","13":"product-type-simple"},"acf":[],"_links":{"self":[{"href":"https:\/\/www.coquard.fr\/es\/wp-json\/wp\/v2\/product\/55505","targetHints":{"allow":["GET"]}}],"collection":[{"href":"https:\/\/www.coquard.fr\/es\/wp-json\/wp\/v2\/product"}],"about":[{"href":"https:\/\/www.coquard.fr\/es\/wp-json\/wp\/v2\/types\/product"}],"replies":[{"embeddable":true,"href":"https:\/\/www.coquard.fr\/es\/wp-json\/wp\/v2\/comments?post=55505"}],"wp:featuredmedia":[{"embeddable":true,"href":"https:\/\/www.coquard.fr\/es\/wp-json\/wp\/v2\/media\/47914"}],"wp:attachment":[{"href":"https:\/\/www.coquard.fr\/es\/wp-json\/wp\/v2\/media?parent=55505"}],"wp:term":[{"taxonomy":"product_brand","embeddable":true,"href":"https:\/\/www.coquard.fr\/es\/wp-json\/wp\/v2\/product_brand?post=55505"},{"taxonomy":"product_cat","embeddable":true,"href":"https:\/\/www.coquard.fr\/es\/wp-json\/wp\/v2\/product_cat?post=55505"},{"taxonomy":"product_tag","embeddable":true,"href":"https:\/\/www.coquard.fr\/es\/wp-json\/wp\/v2\/product_tag?post=55505"}],"curies":[{"name":"wp","href":"https:\/\/api.w.org\/{rel}","templated":true}]}}