{"id":55496,"date":"2023-01-06T09:42:10","date_gmt":"2023-01-06T08:42:10","guid":{"rendered":"https:\/\/www.coquard.fr\/produit\/basilic-hache-bio-sachet-de-1-kg"},"modified":"2026-03-31T10:01:16","modified_gmt":"2026-03-31T08:01:16","slug":"basilic-hache-bio-sachet-de-1-kg","status":"publish","type":"product","link":"https:\/\/www.coquard.fr\/es\/produit\/basilic-hache-bio-sachet-de-1-kg","title":{"rendered":"BASILIC HACHE BIO SACHET DE 1 kg"},"content":{"rendered":"<p>Basilic d\u00e9shydrat\u00e9es et hach\u00e9. Pr\u00e9paration d&#8217;origine biologique. Prix au sachet de 1 kg. Tarif d\u00e9gressif \u00e0 partir de 5 sachets.                       <\/p>\n","protected":false},"excerpt":{"rendered":"<p>Basilic d\u00e9shydrat\u00e9es et hach\u00e9. Pr\u00e9paration d&#8217;origine biologique. Prix au sachet de 1 kg. Tarif d\u00e9gressif \u00e0 partir de 5 sachets.                       <\/p>\n","protected":false},"featured_media":47892,"comment_status":"closed","ping_status":"closed","template":"","meta":{"_acf_changed":false},"product_brand":[],"product_cat":[1471],"product_tag":[],"class_list":{"0":"post-55496","1":"product","2":"type-product","3":"status-publish","4":"has-post-thumbnail","6":"product_cat-especias-condimientos-y-frutos-secos-organicos","8":"first","9":"instock","10":"taxable","11":"shipping-taxable","12":"purchasable","13":"product-type-simple"},"acf":[],"_links":{"self":[{"href":"https:\/\/www.coquard.fr\/es\/wp-json\/wp\/v2\/product\/55496","targetHints":{"allow":["GET"]}}],"collection":[{"href":"https:\/\/www.coquard.fr\/es\/wp-json\/wp\/v2\/product"}],"about":[{"href":"https:\/\/www.coquard.fr\/es\/wp-json\/wp\/v2\/types\/product"}],"replies":[{"embeddable":true,"href":"https:\/\/www.coquard.fr\/es\/wp-json\/wp\/v2\/comments?post=55496"}],"wp:featuredmedia":[{"embeddable":true,"href":"https:\/\/www.coquard.fr\/es\/wp-json\/wp\/v2\/media\/47892"}],"wp:attachment":[{"href":"https:\/\/www.coquard.fr\/es\/wp-json\/wp\/v2\/media?parent=55496"}],"wp:term":[{"taxonomy":"product_brand","embeddable":true,"href":"https:\/\/www.coquard.fr\/es\/wp-json\/wp\/v2\/product_brand?post=55496"},{"taxonomy":"product_cat","embeddable":true,"href":"https:\/\/www.coquard.fr\/es\/wp-json\/wp\/v2\/product_cat?post=55496"},{"taxonomy":"product_tag","embeddable":true,"href":"https:\/\/www.coquard.fr\/es\/wp-json\/wp\/v2\/product_tag?post=55496"}],"curies":[{"name":"wp","href":"https:\/\/api.w.org\/{rel}","templated":true}]}}