{"id":55489,"date":"2023-12-19T15:21:00","date_gmt":"2023-12-19T14:21:00","guid":{"rendered":"https:\/\/www.coquard.fr\/produit\/module-dultrafiltration-du-lait"},"modified":"2026-02-09T13:05:33","modified_gmt":"2026-02-09T12:05:33","slug":"module-dultrafiltration-du-lait","status":"publish","type":"product","link":"https:\/\/www.coquard.fr\/es\/produit\/module-dultrafiltration-du-lait","title":{"rendered":"MODULE D&#8217;ULTRAFILTRATION DU LAIT"},"content":{"rendered":"<p>Module de filtration pour concentration du lait par ultrafiltration. Skid complet de capacit\u00e9 tr\u00e8s adapt\u00e9e \u00e0 des cuves de 200 \u00e0 1000 litres. Conception enti\u00e8rement inox. Fonctionnement simple et manuel. Permet de concentrer le lait pour mieux texturer des yaourts fermes ou brass\u00e9s, du fromage blanc, \u00e0 partir de lait entier de vache ou de ch\u00e8vre. Permet d&#8217;\u00e9viter d&#8217;enrichir le lait en poudre de lait. Principe : concentration par filtration en boucle sur une cuve de pasteurisation, sur lait entier, \u00e0 temp\u00e9rature de 10 \u00e0 45\u00b0C. Nettoyage en circuit ferm\u00e9. N\u00e9cessit\u00e9 d&#8217;utiliser de l&#8217;eau trait\u00e9e. Alimentation \u00e9lectrique: 380 Volts &#8211; 50 Hz. Formation au fonctionnement et au nettoyage incluse avec la vente de cet \u00e9quipement. Nous consulter.<\/p>\n","protected":false},"excerpt":{"rendered":"<p>Module de filtration pour concentration du lait par ultrafiltration. Skid complet de capacit\u00e9 tr\u00e8s adapt\u00e9e \u00e0 des cuves de 200 \u00e0 1000 litres. Conception enti\u00e8rement inox. Fonctionnement simple et manuel. Permet de concentrer le lait pour mieux texturer des yaourts fermes ou brass\u00e9s, du fromage blanc, \u00e0 partir de lait entier de vache ou de ch\u00e8vre. Permet d&#8217;\u00e9viter d&#8217;enrichir le lait en poudre de lait. Principe : concentration par filtration en boucle sur une cuve de pasteurisation, sur lait entier, \u00e0 temp\u00e9rature de 10 \u00e0 45\u00b0C. Nettoyage en circuit ferm\u00e9. N\u00e9cessit\u00e9 d&#8217;utiliser de l&#8217;eau trait\u00e9e. Alimentation \u00e9lectrique: 380 Volts &#8211; 50 Hz. Formation au fonctionnement et au nettoyage incluse avec la vente de cet \u00e9quipement. Nous consulter.<\/p>\n","protected":false},"featured_media":38959,"comment_status":"closed","ping_status":"closed","template":"","meta":{"_acf_changed":false},"product_brand":[],"product_cat":[1493],"product_tag":[],"class_list":{"0":"post-55489","1":"product","2":"type-product","3":"status-publish","4":"has-post-thumbnail","6":"product_cat-bidones-y-filtros-de-leche","8":"first","9":"onbackorder","10":"taxable","11":"shipping-taxable","12":"purchasable","13":"product-type-simple"},"acf":[],"yoast_head":"<!-- This site is optimized with the Yoast SEO plugin v27.5 - https:\/\/yoast.com\/product\/yoast-seo-wordpress\/ -->\n<title>MODULE D&#039;ULTRAFILTRATION DU LAIT - Ets Coquard<\/title>\n<meta name=\"robots\" content=\"index, follow, max-snippet:-1, max-image-preview:large, max-video-preview:-1\" \/>\n<link rel=\"canonical\" href=\"https:\/\/www.coquard.fr\/produit\/module-dultrafiltration-du-lait\" \/>\n<meta property=\"og:locale\" content=\"es_ES\" \/>\n<meta property=\"og:type\" content=\"article\" \/>\n<meta property=\"og:title\" content=\"MODULE D&#039;ULTRAFILTRATION DU LAIT - Ets Coquard\" \/>\n<meta property=\"og:description\" content=\"Module de filtration pour concentration du lait par ultrafiltration. Skid complet de capacit\u00e9 tr\u00e8s adapt\u00e9e \u00e0 des cuves de 200 \u00e0 1000 litres. Conception enti\u00e8rement inox. Fonctionnement simple et manuel. Permet de concentrer le lait pour mieux texturer des yaourts fermes ou brass\u00e9s, du fromage blanc, \u00e0 partir de lait entier de vache ou de ch\u00e8vre. Permet d&#039;\u00e9viter d&#039;enrichir le lait en poudre de lait. Principe : concentration par filtration en boucle sur une cuve de pasteurisation, sur lait entier, \u00e0 temp\u00e9rature de 10 \u00e0 45\u00b0C. Nettoyage en circuit ferm\u00e9. N\u00e9cessit\u00e9 d&#039;utiliser de l&#039;eau trait\u00e9e. Alimentation \u00e9lectrique: 380 Volts - 50 Hz. Formation au fonctionnement et au nettoyage incluse avec la vente de cet \u00e9quipement. Nous consulter.\" \/>\n<meta property=\"og:url\" content=\"https:\/\/www.coquard.fr\/produit\/module-dultrafiltration-du-lait\" \/>\n<meta property=\"og:site_name\" content=\"Ets Coquard\" \/>\n<meta property=\"article:modified_time\" content=\"2026-02-09T12:05:33+00:00\" \/>\n<meta property=\"og:image\" content=\"https:\/\/www.coquard.fr\/wp-content\/uploads\/037ufa-module-ultrafiltration-materieldefromagerie-photo1.jpeg\" \/>\n\t<meta property=\"og:image:width\" content=\"1000\" \/>\n\t<meta property=\"og:image:height\" content=\"1000\" \/>\n\t<meta property=\"og:image:type\" content=\"image\/jpeg\" \/>\n<meta name=\"twitter:card\" content=\"summary_large_image\" \/>\n<meta name=\"twitter:label1\" content=\"Tiempo de lectura\" \/>\n\t<meta name=\"twitter:data1\" content=\"1 minuto\" \/>\n<script type=\"application\/ld+json\" class=\"yoast-schema-graph\">{\"@context\":\"https:\\\/\\\/schema.org\",\"@graph\":[{\"@type\":\"WebPage\",\"@id\":\"https:\\\/\\\/www.coquard.fr\\\/produit\\\/module-dultrafiltration-du-lait\",\"url\":\"https:\\\/\\\/www.coquard.fr\\\/produit\\\/module-dultrafiltration-du-lait\",\"name\":\"MODULE D'ULTRAFILTRATION DU LAIT - Ets Coquard\",\"isPartOf\":{\"@id\":\"https:\\\/\\\/www.coquard.fr\\\/#website\"},\"primaryImageOfPage\":{\"@id\":\"https:\\\/\\\/www.coquard.fr\\\/produit\\\/module-dultrafiltration-du-lait#primaryimage\"},\"image\":{\"@id\":\"https:\\\/\\\/www.coquard.fr\\\/produit\\\/module-dultrafiltration-du-lait#primaryimage\"},\"thumbnailUrl\":\"https:\\\/\\\/www.coquard.fr\\\/wp-content\\\/uploads\\\/037ufa-module-ultrafiltration-materieldefromagerie-photo1.jpeg\",\"datePublished\":\"2023-12-19T14:21:00+00:00\",\"dateModified\":\"2026-02-09T12:05:33+00:00\",\"breadcrumb\":{\"@id\":\"https:\\\/\\\/www.coquard.fr\\\/produit\\\/module-dultrafiltration-du-lait#breadcrumb\"},\"inLanguage\":\"es\",\"potentialAction\":[{\"@type\":\"ReadAction\",\"target\":[\"https:\\\/\\\/www.coquard.fr\\\/produit\\\/module-dultrafiltration-du-lait\"]}]},{\"@type\":\"ImageObject\",\"inLanguage\":\"es\",\"@id\":\"https:\\\/\\\/www.coquard.fr\\\/produit\\\/module-dultrafiltration-du-lait#primaryimage\",\"url\":\"https:\\\/\\\/www.coquard.fr\\\/wp-content\\\/uploads\\\/037ufa-module-ultrafiltration-materieldefromagerie-photo1.jpeg\",\"contentUrl\":\"https:\\\/\\\/www.coquard.fr\\\/wp-content\\\/uploads\\\/037ufa-module-ultrafiltration-materieldefromagerie-photo1.jpeg\",\"width\":1000,\"height\":1000},{\"@type\":\"BreadcrumbList\",\"@id\":\"https:\\\/\\\/www.coquard.fr\\\/produit\\\/module-dultrafiltration-du-lait#breadcrumb\",\"itemListElement\":[{\"@type\":\"ListItem\",\"position\":1,\"name\":\"Home\",\"item\":\"https:\\\/\\\/www.coquard.fr\\\/es\"},{\"@type\":\"ListItem\",\"position\":2,\"name\":\"Tienda\",\"item\":\"https:\\\/\\\/www.coquard.fr\\\/es\\\/tienda\"},{\"@type\":\"ListItem\",\"position\":3,\"name\":\"MODULE D&rsquo;ULTRAFILTRATION DU LAIT\"}]},{\"@type\":\"WebSite\",\"@id\":\"https:\\\/\\\/www.coquard.fr\\\/#website\",\"url\":\"https:\\\/\\\/www.coquard.fr\\\/\",\"name\":\"Ets Coquard\",\"description\":\"Equipements fromagerie fermi\u00e8re\",\"publisher\":{\"@id\":\"https:\\\/\\\/www.coquard.fr\\\/#organization\"},\"potentialAction\":[{\"@type\":\"SearchAction\",\"target\":{\"@type\":\"EntryPoint\",\"urlTemplate\":\"https:\\\/\\\/www.coquard.fr\\\/?s={search_term_string}\"},\"query-input\":{\"@type\":\"PropertyValueSpecification\",\"valueRequired\":true,\"valueName\":\"search_term_string\"}}],\"inLanguage\":\"es\"},{\"@type\":\"Organization\",\"@id\":\"https:\\\/\\\/www.coquard.fr\\\/#organization\",\"name\":\"Coquard\",\"url\":\"https:\\\/\\\/www.coquard.fr\\\/\",\"logo\":{\"@type\":\"ImageObject\",\"inLanguage\":\"es\",\"@id\":\"https:\\\/\\\/www.coquard.fr\\\/#\\\/schema\\\/logo\\\/image\\\/\",\"url\":\"https:\\\/\\\/www.coquard.fr\\\/wp-content\\\/uploads\\\/cropped-logo-coquard-quadri-fond-blanc.png\",\"contentUrl\":\"https:\\\/\\\/www.coquard.fr\\\/wp-content\\\/uploads\\\/cropped-logo-coquard-quadri-fond-blanc.png\",\"width\":1824,\"height\":701,\"caption\":\"Coquard\"},\"image\":{\"@id\":\"https:\\\/\\\/www.coquard.fr\\\/#\\\/schema\\\/logo\\\/image\\\/\"}}]}<\/script>\n<!-- \/ Yoast SEO plugin. -->","yoast_head_json":{"title":"MODULE D'ULTRAFILTRATION DU LAIT - Ets Coquard","robots":{"index":"index","follow":"follow","max-snippet":"max-snippet:-1","max-image-preview":"max-image-preview:large","max-video-preview":"max-video-preview:-1"},"canonical":"https:\/\/www.coquard.fr\/produit\/module-dultrafiltration-du-lait","og_locale":"es_ES","og_type":"article","og_title":"MODULE D'ULTRAFILTRATION DU LAIT - Ets Coquard","og_description":"Module de filtration pour concentration du lait par ultrafiltration. Skid complet de capacit\u00e9 tr\u00e8s adapt\u00e9e \u00e0 des cuves de 200 \u00e0 1000 litres. Conception enti\u00e8rement inox. Fonctionnement simple et manuel. Permet de concentrer le lait pour mieux texturer des yaourts fermes ou brass\u00e9s, du fromage blanc, \u00e0 partir de lait entier de vache ou de ch\u00e8vre. Permet d'\u00e9viter d'enrichir le lait en poudre de lait. Principe : concentration par filtration en boucle sur une cuve de pasteurisation, sur lait entier, \u00e0 temp\u00e9rature de 10 \u00e0 45\u00b0C. Nettoyage en circuit ferm\u00e9. N\u00e9cessit\u00e9 d'utiliser de l'eau trait\u00e9e. Alimentation \u00e9lectrique: 380 Volts - 50 Hz. Formation au fonctionnement et au nettoyage incluse avec la vente de cet \u00e9quipement. Nous consulter.","og_url":"https:\/\/www.coquard.fr\/produit\/module-dultrafiltration-du-lait","og_site_name":"Ets Coquard","article_modified_time":"2026-02-09T12:05:33+00:00","og_image":[{"width":1000,"height":1000,"url":"https:\/\/www.coquard.fr\/wp-content\/uploads\/037ufa-module-ultrafiltration-materieldefromagerie-photo1.jpeg","type":"image\/jpeg"}],"twitter_card":"summary_large_image","twitter_misc":{"Tiempo de lectura":"1 minuto"},"schema":{"@context":"https:\/\/schema.org","@graph":[{"@type":"WebPage","@id":"https:\/\/www.coquard.fr\/produit\/module-dultrafiltration-du-lait","url":"https:\/\/www.coquard.fr\/produit\/module-dultrafiltration-du-lait","name":"MODULE D'ULTRAFILTRATION DU LAIT - Ets Coquard","isPartOf":{"@id":"https:\/\/www.coquard.fr\/#website"},"primaryImageOfPage":{"@id":"https:\/\/www.coquard.fr\/produit\/module-dultrafiltration-du-lait#primaryimage"},"image":{"@id":"https:\/\/www.coquard.fr\/produit\/module-dultrafiltration-du-lait#primaryimage"},"thumbnailUrl":"https:\/\/www.coquard.fr\/wp-content\/uploads\/037ufa-module-ultrafiltration-materieldefromagerie-photo1.jpeg","datePublished":"2023-12-19T14:21:00+00:00","dateModified":"2026-02-09T12:05:33+00:00","breadcrumb":{"@id":"https:\/\/www.coquard.fr\/produit\/module-dultrafiltration-du-lait#breadcrumb"},"inLanguage":"es","potentialAction":[{"@type":"ReadAction","target":["https:\/\/www.coquard.fr\/produit\/module-dultrafiltration-du-lait"]}]},{"@type":"ImageObject","inLanguage":"es","@id":"https:\/\/www.coquard.fr\/produit\/module-dultrafiltration-du-lait#primaryimage","url":"https:\/\/www.coquard.fr\/wp-content\/uploads\/037ufa-module-ultrafiltration-materieldefromagerie-photo1.jpeg","contentUrl":"https:\/\/www.coquard.fr\/wp-content\/uploads\/037ufa-module-ultrafiltration-materieldefromagerie-photo1.jpeg","width":1000,"height":1000},{"@type":"BreadcrumbList","@id":"https:\/\/www.coquard.fr\/produit\/module-dultrafiltration-du-lait#breadcrumb","itemListElement":[{"@type":"ListItem","position":1,"name":"Home","item":"https:\/\/www.coquard.fr\/es"},{"@type":"ListItem","position":2,"name":"Tienda","item":"https:\/\/www.coquard.fr\/es\/tienda"},{"@type":"ListItem","position":3,"name":"MODULE D&rsquo;ULTRAFILTRATION DU LAIT"}]},{"@type":"WebSite","@id":"https:\/\/www.coquard.fr\/#website","url":"https:\/\/www.coquard.fr\/","name":"Ets Coquard","description":"Equipements fromagerie fermi\u00e8re","publisher":{"@id":"https:\/\/www.coquard.fr\/#organization"},"potentialAction":[{"@type":"SearchAction","target":{"@type":"EntryPoint","urlTemplate":"https:\/\/www.coquard.fr\/?s={search_term_string}"},"query-input":{"@type":"PropertyValueSpecification","valueRequired":true,"valueName":"search_term_string"}}],"inLanguage":"es"},{"@type":"Organization","@id":"https:\/\/www.coquard.fr\/#organization","name":"Coquard","url":"https:\/\/www.coquard.fr\/","logo":{"@type":"ImageObject","inLanguage":"es","@id":"https:\/\/www.coquard.fr\/#\/schema\/logo\/image\/","url":"https:\/\/www.coquard.fr\/wp-content\/uploads\/cropped-logo-coquard-quadri-fond-blanc.png","contentUrl":"https:\/\/www.coquard.fr\/wp-content\/uploads\/cropped-logo-coquard-quadri-fond-blanc.png","width":1824,"height":701,"caption":"Coquard"},"image":{"@id":"https:\/\/www.coquard.fr\/#\/schema\/logo\/image\/"}}]}},"_links":{"self":[{"href":"https:\/\/www.coquard.fr\/es\/wp-json\/wp\/v2\/product\/55489","targetHints":{"allow":["GET"]}}],"collection":[{"href":"https:\/\/www.coquard.fr\/es\/wp-json\/wp\/v2\/product"}],"about":[{"href":"https:\/\/www.coquard.fr\/es\/wp-json\/wp\/v2\/types\/product"}],"replies":[{"embeddable":true,"href":"https:\/\/www.coquard.fr\/es\/wp-json\/wp\/v2\/comments?post=55489"}],"wp:featuredmedia":[{"embeddable":true,"href":"https:\/\/www.coquard.fr\/es\/wp-json\/wp\/v2\/media\/38959"}],"wp:attachment":[{"href":"https:\/\/www.coquard.fr\/es\/wp-json\/wp\/v2\/media?parent=55489"}],"wp:term":[{"taxonomy":"product_brand","embeddable":true,"href":"https:\/\/www.coquard.fr\/es\/wp-json\/wp\/v2\/product_brand?post=55489"},{"taxonomy":"product_cat","embeddable":true,"href":"https:\/\/www.coquard.fr\/es\/wp-json\/wp\/v2\/product_cat?post=55489"},{"taxonomy":"product_tag","embeddable":true,"href":"https:\/\/www.coquard.fr\/es\/wp-json\/wp\/v2\/product_tag?post=55489"}],"curies":[{"name":"wp","href":"https:\/\/api.w.org\/{rel}","templated":true}]}}