{"id":55463,"date":"2021-06-28T16:17:55","date_gmt":"2021-06-28T14:17:55","guid":{"rendered":"https:\/\/www.coquard.fr\/produit\/opercule-alu-pour-pot-verre-sans-decor-diametre-56mm"},"modified":"2026-01-08T16:05:47","modified_gmt":"2026-01-08T15:05:47","slug":"opercule-alu-pour-pot-verre-sans-decor-diametre-56mm","status":"publish","type":"product","link":"https:\/\/www.coquard.fr\/es\/produit\/opercule-alu-pour-pot-verre-sans-decor-diametre-56mm","title":{"rendered":"OP\u00c9RCULO ALU TARRO DE CRISTAL SIN DECORACI\u00d3N dimensi\u00f3n 56mm"},"content":{"rendered":"<p>Op\u00e9rculo aluminio neutro para yogur, para tarro de cristal nuevo. No es adecuado para la reutilizaci\u00f3n de los tarros de cristal. Dimensi\u00f3n : 56 mm. Bl\u00edster de 1600. Precio por 1000 op\u00e9rculos.<\/p>\n","protected":false},"excerpt":{"rendered":"<p>55463<\/p>\n","protected":false},"featured_media":41671,"comment_status":"closed","ping_status":"closed","template":"","meta":{"_acf_changed":false},"product_brand":[],"product_cat":[1577],"product_tag":[],"class_list":{"0":"post-55463","1":"product","2":"type-product","3":"status-publish","4":"has-post-thumbnail","6":"product_cat-operculos","8":"first","9":"instock","10":"taxable","11":"shipping-taxable","12":"purchasable","13":"product-type-simple"},"acf":[],"_links":{"self":[{"href":"https:\/\/www.coquard.fr\/es\/wp-json\/wp\/v2\/product\/55463","targetHints":{"allow":["GET"]}}],"collection":[{"href":"https:\/\/www.coquard.fr\/es\/wp-json\/wp\/v2\/product"}],"about":[{"href":"https:\/\/www.coquard.fr\/es\/wp-json\/wp\/v2\/types\/product"}],"replies":[{"embeddable":true,"href":"https:\/\/www.coquard.fr\/es\/wp-json\/wp\/v2\/comments?post=55463"}],"wp:featuredmedia":[{"embeddable":true,"href":"https:\/\/www.coquard.fr\/es\/wp-json\/wp\/v2\/media\/41671"}],"wp:attachment":[{"href":"https:\/\/www.coquard.fr\/es\/wp-json\/wp\/v2\/media?parent=55463"}],"wp:term":[{"taxonomy":"product_brand","embeddable":true,"href":"https:\/\/www.coquard.fr\/es\/wp-json\/wp\/v2\/product_brand?post=55463"},{"taxonomy":"product_cat","embeddable":true,"href":"https:\/\/www.coquard.fr\/es\/wp-json\/wp\/v2\/product_cat?post=55463"},{"taxonomy":"product_tag","embeddable":true,"href":"https:\/\/www.coquard.fr\/es\/wp-json\/wp\/v2\/product_tag?post=55463"}],"curies":[{"name":"wp","href":"https:\/\/api.w.org\/{rel}","templated":true}]}}