{"id":55459,"date":"2022-01-10T22:06:15","date_gmt":"2022-01-10T21:06:15","guid":{"rendered":"https:\/\/www.coquard.fr\/produit\/batterie-interne-pour-138aaq-pour-balance-poids-prix-6-kg"},"modified":"2026-04-06T21:17:41","modified_gmt":"2026-04-06T19:17:41","slug":"batterie-interne-pour-138aaq-pour-balance-poids-prix-6-kg","status":"publish","type":"product","link":"https:\/\/www.coquard.fr\/es\/produit\/batterie-interne-pour-138aaq-pour-balance-poids-prix-6-kg","title":{"rendered":"B\u00c1SCULA INOX PESO PRECIO 6 KG"},"content":{"rendered":"<p>B\u00e1scula de venta con indicaci\u00f3n de peso y precio. No imprime billetes. Precisi\u00f3n +\/- 2 grs. Peso m\u00e1ximo 6 kg. Peso m\u00ednimo 40g. Visualizaci\u00f3n en 3 pantallas: peso, precio por kg, precio de venta. Memoria para 20 elementos. Visualizaci\u00f3n en una columna en opci\u00f3n no codificada. Aprobaci\u00f3n de la venta incluida. Funciona con la red el\u00e9ctrica. Adaptador incluido. Opcional: bater\u00eda interna para 50 horas sin retroiluminaci\u00f3n, ref. 138AAY.<\/p>\n","protected":false},"excerpt":{"rendered":"<p>55459<\/p>\n","protected":false},"featured_media":36197,"comment_status":"closed","ping_status":"closed","template":"","meta":{"_acf_changed":false},"product_brand":[],"product_cat":[1484],"product_tag":[],"class_list":{"0":"post-55459","1":"product","2":"type-product","3":"status-publish","4":"has-post-thumbnail","6":"product_cat-material-de-pesaje","8":"first","9":"onbackorder","10":"taxable","11":"shipping-taxable","12":"purchasable","13":"product-type-simple"},"acf":[],"_links":{"self":[{"href":"https:\/\/www.coquard.fr\/es\/wp-json\/wp\/v2\/product\/55459","targetHints":{"allow":["GET"]}}],"collection":[{"href":"https:\/\/www.coquard.fr\/es\/wp-json\/wp\/v2\/product"}],"about":[{"href":"https:\/\/www.coquard.fr\/es\/wp-json\/wp\/v2\/types\/product"}],"replies":[{"embeddable":true,"href":"https:\/\/www.coquard.fr\/es\/wp-json\/wp\/v2\/comments?post=55459"}],"wp:featuredmedia":[{"embeddable":true,"href":"https:\/\/www.coquard.fr\/es\/wp-json\/wp\/v2\/media\/36197"}],"wp:attachment":[{"href":"https:\/\/www.coquard.fr\/es\/wp-json\/wp\/v2\/media?parent=55459"}],"wp:term":[{"taxonomy":"product_brand","embeddable":true,"href":"https:\/\/www.coquard.fr\/es\/wp-json\/wp\/v2\/product_brand?post=55459"},{"taxonomy":"product_cat","embeddable":true,"href":"https:\/\/www.coquard.fr\/es\/wp-json\/wp\/v2\/product_cat?post=55459"},{"taxonomy":"product_tag","embeddable":true,"href":"https:\/\/www.coquard.fr\/es\/wp-json\/wp\/v2\/product_tag?post=55459"}],"curies":[{"name":"wp","href":"https:\/\/api.w.org\/{rel}","templated":true}]}}