{"id":55457,"date":"2021-08-06T23:05:43","date_gmt":"2021-08-06T21:05:43","guid":{"rendered":"https:\/\/www.coquard.fr\/produit\/humidificateur-inox-avec-hygrostat"},"modified":"2026-04-27T21:19:18","modified_gmt":"2026-04-27T19:19:18","slug":"humidificateur-inox-avec-hygrostat","status":"publish","type":"product","link":"https:\/\/www.coquard.fr\/es\/produit\/humidificateur-inox-avec-hygrostat","title":{"rendered":"HUMIDIFICADOR DE INOXIDABLE CON HIGROSTATO"},"content":{"rendered":"<p>Humidificador de camara de maduraci\u00f3n de quesos. Funciona por nebulizaci\u00f3n, produce una niebla muy fina y muy dispersable en el aire. Apto para una bodega de 10 a 75 m3 m\u00e1ximo. Nebulizador de 3 membranas con ventilaci\u00f3n, higrostato de control de humedad, alimentaci\u00f3n de agua autom\u00e1tico. Todo acero inoxidable. Desmontable y limpiable. Alimentaci\u00f3n 230 Voltios 50 Hz.<\/p>\n","protected":false},"excerpt":{"rendered":"<p>55457<\/p>\n","protected":false},"featured_media":35770,"comment_status":"closed","ping_status":"closed","template":"","meta":{"_acf_changed":false},"product_brand":[],"product_cat":[1508],"product_tag":[],"class_list":{"0":"post-55457","1":"product","2":"type-product","3":"status-publish","4":"has-post-thumbnail","6":"product_cat-humidificador-y-deshumidificador","8":"first","9":"instock","10":"taxable","11":"shipping-taxable","12":"purchasable","13":"product-type-simple"},"acf":[],"_links":{"self":[{"href":"https:\/\/www.coquard.fr\/es\/wp-json\/wp\/v2\/product\/55457","targetHints":{"allow":["GET"]}}],"collection":[{"href":"https:\/\/www.coquard.fr\/es\/wp-json\/wp\/v2\/product"}],"about":[{"href":"https:\/\/www.coquard.fr\/es\/wp-json\/wp\/v2\/types\/product"}],"replies":[{"embeddable":true,"href":"https:\/\/www.coquard.fr\/es\/wp-json\/wp\/v2\/comments?post=55457"}],"wp:featuredmedia":[{"embeddable":true,"href":"https:\/\/www.coquard.fr\/es\/wp-json\/wp\/v2\/media\/35770"}],"wp:attachment":[{"href":"https:\/\/www.coquard.fr\/es\/wp-json\/wp\/v2\/media?parent=55457"}],"wp:term":[{"taxonomy":"product_brand","embeddable":true,"href":"https:\/\/www.coquard.fr\/es\/wp-json\/wp\/v2\/product_brand?post=55457"},{"taxonomy":"product_cat","embeddable":true,"href":"https:\/\/www.coquard.fr\/es\/wp-json\/wp\/v2\/product_cat?post=55457"},{"taxonomy":"product_tag","embeddable":true,"href":"https:\/\/www.coquard.fr\/es\/wp-json\/wp\/v2\/product_tag?post=55457"}],"curies":[{"name":"wp","href":"https:\/\/api.w.org\/{rel}","templated":true}]}}