{"id":55452,"date":"2023-01-24T11:27:09","date_gmt":"2023-01-24T10:27:09","guid":{"rendered":"https:\/\/www.coquard.fr\/produit\/kit-dhumidification-pour-cave-daffinage"},"modified":"2026-04-27T21:15:21","modified_gmt":"2026-04-27T19:15:21","slug":"kit-dhumidification-pour-cave-daffinage","status":"publish","type":"product","link":"https:\/\/www.coquard.fr\/es\/produit\/kit-dhumidification-pour-cave-daffinage","title":{"rendered":"KIT DE HULIDIFICACION PARA CAMARA DE MADURACION"},"content":{"rendered":"<p>Kit para instalar en c\u00e1mara de maduraci\u00f3n, para la maduraci\u00f3n de quesos tiernos y quesos de pasta prensada. Suministro de agua manual. Incluye nebulizador de membrana con antisalpicaduras, reloj programador temporizado, recipiente de pl\u00e1stico transparente. Sin higrostato de control de humedad. Perforaci\u00f3n en la parte inferior del gabinete de afinaci\u00f3n para el paso del cable de alimentaci\u00f3n. Fuente de alimentaci\u00f3n 230 Voltios &#8211; 50 Hz.<\/p>\n","protected":false},"excerpt":{"rendered":"<p>55452<\/p>\n","protected":false},"featured_media":46377,"comment_status":"closed","ping_status":"closed","template":"","meta":{"_acf_changed":false},"product_brand":[],"product_cat":[1508],"product_tag":[],"class_list":{"0":"post-55452","1":"product","2":"type-product","3":"status-publish","4":"has-post-thumbnail","6":"product_cat-humidificador-y-deshumidificador","8":"first","9":"instock","10":"taxable","11":"shipping-taxable","12":"purchasable","13":"product-type-simple"},"acf":[],"_links":{"self":[{"href":"https:\/\/www.coquard.fr\/es\/wp-json\/wp\/v2\/product\/55452","targetHints":{"allow":["GET"]}}],"collection":[{"href":"https:\/\/www.coquard.fr\/es\/wp-json\/wp\/v2\/product"}],"about":[{"href":"https:\/\/www.coquard.fr\/es\/wp-json\/wp\/v2\/types\/product"}],"replies":[{"embeddable":true,"href":"https:\/\/www.coquard.fr\/es\/wp-json\/wp\/v2\/comments?post=55452"}],"wp:featuredmedia":[{"embeddable":true,"href":"https:\/\/www.coquard.fr\/es\/wp-json\/wp\/v2\/media\/46377"}],"wp:attachment":[{"href":"https:\/\/www.coquard.fr\/es\/wp-json\/wp\/v2\/media?parent=55452"}],"wp:term":[{"taxonomy":"product_brand","embeddable":true,"href":"https:\/\/www.coquard.fr\/es\/wp-json\/wp\/v2\/product_brand?post=55452"},{"taxonomy":"product_cat","embeddable":true,"href":"https:\/\/www.coquard.fr\/es\/wp-json\/wp\/v2\/product_cat?post=55452"},{"taxonomy":"product_tag","embeddable":true,"href":"https:\/\/www.coquard.fr\/es\/wp-json\/wp\/v2\/product_tag?post=55452"}],"curies":[{"name":"wp","href":"https:\/\/api.w.org\/{rel}","templated":true}]}}