{"id":55331,"date":"2023-12-14T16:26:07","date_gmt":"2023-12-14T15:26:07","guid":{"rendered":"https:\/\/www.coquard.fr\/produit\/pate-caramel-sale-pour-glace"},"modified":"2026-01-08T14:40:27","modified_gmt":"2026-01-08T13:40:27","slug":"pate-caramel-sale-pour-glace","status":"publish","type":"product","link":"https:\/\/www.coquard.fr\/es\/produit\/pate-caramel-sale-pour-glace","title":{"rendered":"PATE CARAMEL SALE POUR GLACE"},"content":{"rendered":"<p>P\u00e2te d&#8217;aromatisation au caramel sal\u00e9 pour fabriquer vos glaces \u00e0 la ferme. Dosage de 6 % environ dans la base de pr\u00e9paration neutre. Un pot de 1.15 kg convient pour 20.32 kg de glace. Prix par pot de 1.15 kg. Tarif d\u00e9gressif \u00e0 partir de 6 pots.<\/p>\n","protected":false},"excerpt":{"rendered":"<p>55331<\/p>\n","protected":false},"featured_media":55334,"comment_status":"closed","ping_status":"closed","template":"","meta":{"_acf_changed":false},"product_brand":[],"product_cat":[1625],"product_tag":[],"class_list":{"0":"post-55331","1":"product","2":"type-product","3":"status-publish","4":"has-post-thumbnail","6":"product_cat-preparation-pour-glaces-es","8":"first","9":"instock","10":"taxable","11":"shipping-taxable","12":"purchasable","13":"product-type-simple"},"acf":[],"_links":{"self":[{"href":"https:\/\/www.coquard.fr\/es\/wp-json\/wp\/v2\/product\/55331","targetHints":{"allow":["GET"]}}],"collection":[{"href":"https:\/\/www.coquard.fr\/es\/wp-json\/wp\/v2\/product"}],"about":[{"href":"https:\/\/www.coquard.fr\/es\/wp-json\/wp\/v2\/types\/product"}],"replies":[{"embeddable":true,"href":"https:\/\/www.coquard.fr\/es\/wp-json\/wp\/v2\/comments?post=55331"}],"wp:featuredmedia":[{"embeddable":true,"href":"https:\/\/www.coquard.fr\/es\/wp-json\/wp\/v2\/media\/55334"}],"wp:attachment":[{"href":"https:\/\/www.coquard.fr\/es\/wp-json\/wp\/v2\/media?parent=55331"}],"wp:term":[{"taxonomy":"product_brand","embeddable":true,"href":"https:\/\/www.coquard.fr\/es\/wp-json\/wp\/v2\/product_brand?post=55331"},{"taxonomy":"product_cat","embeddable":true,"href":"https:\/\/www.coquard.fr\/es\/wp-json\/wp\/v2\/product_cat?post=55331"},{"taxonomy":"product_tag","embeddable":true,"href":"https:\/\/www.coquard.fr\/es\/wp-json\/wp\/v2\/product_tag?post=55331"}],"curies":[{"name":"wp","href":"https:\/\/api.w.org\/{rel}","templated":true}]}}