{"id":54780,"date":"2023-11-16T11:17:17","date_gmt":"2023-11-16T10:17:17","guid":{"rendered":"https:\/\/www.coquard.fr\/produit\/bac-egouttage-inox-800x500mm-prof-150-mm"},"modified":"2026-04-06T21:15:28","modified_gmt":"2026-04-06T19:15:28","slug":"bac-egouttage-inox-800x500mm-prof-150-mm","status":"publish","type":"product","link":"https:\/\/www.coquard.fr\/es\/produit\/bac-egouttage-inox-800x500mm-prof-150-mm","title":{"rendered":"CUBA DE ECURRIMIENTO DE INOXIDABLE"},"content":{"rendered":"<p>Cubeta de acero inoxidable 304 para desuerado en caja (capacidad 7 cajas Ref. 154MAB, de la cual una vac\u00eda por debajo). Dimensiones 800 mm x 500 mm x h total 550 mm. Profundidad 150 mm. Cubeta sobre ruedas para un desplazamiento de las cajas m\u00e1s f\u00e1cil. Con vaciado y tap\u00f3n SMS 38 para la recogida del suero.<\/p>\n","protected":false},"excerpt":{"rendered":"<p>54780<\/p>\n","protected":false},"featured_media":0,"comment_status":"closed","ping_status":"closed","template":"","meta":{"_acf_changed":false},"product_brand":[],"product_cat":[1531],"product_tag":[],"class_list":{"0":"post-54780","1":"product","2":"type-product","3":"status-publish","5":"product_cat-mesas-de-desuerado-y-de-embalaje","7":"first","8":"onbackorder","9":"taxable","10":"shipping-taxable","11":"purchasable","12":"product-type-simple"},"acf":[],"_links":{"self":[{"href":"https:\/\/www.coquard.fr\/es\/wp-json\/wp\/v2\/product\/54780","targetHints":{"allow":["GET"]}}],"collection":[{"href":"https:\/\/www.coquard.fr\/es\/wp-json\/wp\/v2\/product"}],"about":[{"href":"https:\/\/www.coquard.fr\/es\/wp-json\/wp\/v2\/types\/product"}],"replies":[{"embeddable":true,"href":"https:\/\/www.coquard.fr\/es\/wp-json\/wp\/v2\/comments?post=54780"}],"wp:attachment":[{"href":"https:\/\/www.coquard.fr\/es\/wp-json\/wp\/v2\/media?parent=54780"}],"wp:term":[{"taxonomy":"product_brand","embeddable":true,"href":"https:\/\/www.coquard.fr\/es\/wp-json\/wp\/v2\/product_brand?post=54780"},{"taxonomy":"product_cat","embeddable":true,"href":"https:\/\/www.coquard.fr\/es\/wp-json\/wp\/v2\/product_cat?post=54780"},{"taxonomy":"product_tag","embeddable":true,"href":"https:\/\/www.coquard.fr\/es\/wp-json\/wp\/v2\/product_tag?post=54780"}],"curies":[{"name":"wp","href":"https:\/\/api.w.org\/{rel}","templated":true}]}}