{"id":53517,"date":"2023-09-13T11:46:44","date_gmt":"2023-09-13T09:46:44","guid":{"rendered":"https:\/\/www.coquard.fr\/produit\/opercule-alu-blanc-d-68-mm"},"modified":"2026-01-08T16:02:53","modified_gmt":"2026-01-08T15:02:53","slug":"opercule-alu-blanc-d-68-mm","status":"publish","type":"product","link":"https:\/\/www.coquard.fr\/es\/produit\/opercule-alu-blanc-d-68-mm","title":{"rendered":"OP\u00c9RCULO ALU. BLANCO D.68 mm"},"content":{"rendered":"<p>Op\u00e9rculo de aluminio para tarro de pl\u00e1stico de poliestireno y de polipropileno. Dimensi\u00f3n: 68 mm. Color: blanco. Bl\u00edster de 2000. Precio para 1000 op\u00e9rculos.<\/p>\n","protected":false},"excerpt":{"rendered":"<p>53517<\/p>\n","protected":false},"featured_media":53509,"comment_status":"closed","ping_status":"closed","template":"","meta":{"_acf_changed":false},"product_brand":[],"product_cat":[1577],"product_tag":[],"class_list":{"0":"post-53517","1":"product","2":"type-product","3":"status-publish","4":"has-post-thumbnail","6":"product_cat-operculos","8":"first","9":"onbackorder","10":"taxable","11":"shipping-taxable","12":"purchasable","13":"product-type-simple"},"acf":[],"_links":{"self":[{"href":"https:\/\/www.coquard.fr\/es\/wp-json\/wp\/v2\/product\/53517","targetHints":{"allow":["GET"]}}],"collection":[{"href":"https:\/\/www.coquard.fr\/es\/wp-json\/wp\/v2\/product"}],"about":[{"href":"https:\/\/www.coquard.fr\/es\/wp-json\/wp\/v2\/types\/product"}],"replies":[{"embeddable":true,"href":"https:\/\/www.coquard.fr\/es\/wp-json\/wp\/v2\/comments?post=53517"}],"wp:featuredmedia":[{"embeddable":true,"href":"https:\/\/www.coquard.fr\/es\/wp-json\/wp\/v2\/media\/53509"}],"wp:attachment":[{"href":"https:\/\/www.coquard.fr\/es\/wp-json\/wp\/v2\/media?parent=53517"}],"wp:term":[{"taxonomy":"product_brand","embeddable":true,"href":"https:\/\/www.coquard.fr\/es\/wp-json\/wp\/v2\/product_brand?post=53517"},{"taxonomy":"product_cat","embeddable":true,"href":"https:\/\/www.coquard.fr\/es\/wp-json\/wp\/v2\/product_cat?post=53517"},{"taxonomy":"product_tag","embeddable":true,"href":"https:\/\/www.coquard.fr\/es\/wp-json\/wp\/v2\/product_tag?post=53517"}],"curies":[{"name":"wp","href":"https:\/\/api.w.org\/{rel}","templated":true}]}}