{"id":53488,"date":"2020-07-17T10:21:24","date_gmt":"2020-07-17T08:21:24","guid":{"rendered":"https:\/\/www.coquard.fr\/produit\/chn-11-200-u-ferment-mesophile"},"modified":"2026-03-31T21:09:11","modified_gmt":"2026-03-31T19:09:11","slug":"chn-11-200-u-ferment-mesophile","status":"publish","type":"product","link":"https:\/\/www.coquard.fr\/es\/produit\/chn-11-200-u-ferment-mesophile","title":{"rendered":"CHN 11 200 U FERMENTO MESOFILO"},"content":{"rendered":"<p>Gama Hansen, fermento l\u00e1ctico liofilizado mes\u00f3filo mixto para la elaboraci\u00f3n de mantequilla, gel l\u00e1ctico, pasta blanda y pasta prensada. Dosificaci\u00f3n recomendada: 1 bolsita de 200 U permite sembrar 2000 litros de leche. Vendido por bolsita. Caja de 25.<\/p>\n","protected":false},"excerpt":{"rendered":"<p>53488<\/p>\n","protected":false},"featured_media":20930,"comment_status":"closed","ping_status":"closed","template":"","meta":{"_acf_changed":false},"product_brand":[],"product_cat":[1553],"product_tag":[],"class_list":{"0":"post-53488","1":"product","2":"type-product","3":"status-publish","4":"has-post-thumbnail","6":"product_cat-fermentos-lacticos-y-de-maduracion-chr-hansen","8":"first","9":"instock","10":"taxable","11":"shipping-taxable","12":"purchasable","13":"product-type-simple"},"acf":[],"_links":{"self":[{"href":"https:\/\/www.coquard.fr\/es\/wp-json\/wp\/v2\/product\/53488","targetHints":{"allow":["GET"]}}],"collection":[{"href":"https:\/\/www.coquard.fr\/es\/wp-json\/wp\/v2\/product"}],"about":[{"href":"https:\/\/www.coquard.fr\/es\/wp-json\/wp\/v2\/types\/product"}],"replies":[{"embeddable":true,"href":"https:\/\/www.coquard.fr\/es\/wp-json\/wp\/v2\/comments?post=53488"}],"wp:featuredmedia":[{"embeddable":true,"href":"https:\/\/www.coquard.fr\/es\/wp-json\/wp\/v2\/media\/20930"}],"wp:attachment":[{"href":"https:\/\/www.coquard.fr\/es\/wp-json\/wp\/v2\/media?parent=53488"}],"wp:term":[{"taxonomy":"product_brand","embeddable":true,"href":"https:\/\/www.coquard.fr\/es\/wp-json\/wp\/v2\/product_brand?post=53488"},{"taxonomy":"product_cat","embeddable":true,"href":"https:\/\/www.coquard.fr\/es\/wp-json\/wp\/v2\/product_cat?post=53488"},{"taxonomy":"product_tag","embeddable":true,"href":"https:\/\/www.coquard.fr\/es\/wp-json\/wp\/v2\/product_tag?post=53488"}],"curies":[{"name":"wp","href":"https:\/\/api.w.org\/{rel}","templated":true}]}}