{"id":49963,"date":"2023-03-16T20:09:06","date_gmt":"2023-03-16T19:09:06","guid":{"rendered":"https:\/\/www.coquard.fr\/produit\/doseur-volumetrique-1300-ml-sur-chariot-tout-produits"},"modified":"2026-04-06T21:14:04","modified_gmt":"2026-04-06T19:14:04","slug":"doseur-volumetrique-1300-ml-sur-chariot-tout-produits","status":"publish","type":"product","link":"https:\/\/www.coquard.fr\/es\/produit\/doseur-volumetrique-1300-ml-sur-chariot-tout-produits","title":{"rendered":"DOSEUR VOLUMETRIQUE 1300 ML SUR CHARIOT TOUS PRODUITS"},"content":{"rendered":"<p>Doseur \u00e0 piston enti\u00e8rement inox sur chariot avec roulettes. La tr\u00e9mie basse permet un remplissage facile ou de travailler en alimentation direct de la cuve. Dosage semi automatique de produits liquides et produits \u00e9pais : lait, yaourt, yaourt brass\u00e9 avec ou sans fruits, confiture, cr\u00e8me dessert. Ensemble complet comprenant un doseur volum\u00e9trique pour 50 \u00e0 1300 ml, une soupape de dosage pour produits liquides, une vanne 2 voies pour le passage de produits liquides et une soupape de dosage pour produits denses, une vanne 2 voies pour le passage de produits denses, une tr\u00e9mie inox de 30 litres. Fonctionnement enti\u00e8rement pneumatique. Pas d&#8217;alimentation \u00e9lectrique n\u00e9cessaire. Livr\u00e9 avec un kit joint de remplacement. <\/p>\n","protected":false},"excerpt":{"rendered":"<p>49963<\/p>\n","protected":false},"featured_media":49804,"comment_status":"closed","ping_status":"closed","template":"","meta":{"_acf_changed":false},"product_brand":[],"product_cat":[1501],"product_tag":[],"class_list":{"0":"post-49963","1":"product","2":"type-product","3":"status-publish","4":"has-post-thumbnail","6":"product_cat-dosificacion-y-llenado","8":"first","9":"onbackorder","10":"taxable","11":"shipping-taxable","12":"purchasable","13":"product-type-simple"},"acf":[],"_links":{"self":[{"href":"https:\/\/www.coquard.fr\/es\/wp-json\/wp\/v2\/product\/49963","targetHints":{"allow":["GET"]}}],"collection":[{"href":"https:\/\/www.coquard.fr\/es\/wp-json\/wp\/v2\/product"}],"about":[{"href":"https:\/\/www.coquard.fr\/es\/wp-json\/wp\/v2\/types\/product"}],"replies":[{"embeddable":true,"href":"https:\/\/www.coquard.fr\/es\/wp-json\/wp\/v2\/comments?post=49963"}],"wp:featuredmedia":[{"embeddable":true,"href":"https:\/\/www.coquard.fr\/es\/wp-json\/wp\/v2\/media\/49804"}],"wp:attachment":[{"href":"https:\/\/www.coquard.fr\/es\/wp-json\/wp\/v2\/media?parent=49963"}],"wp:term":[{"taxonomy":"product_brand","embeddable":true,"href":"https:\/\/www.coquard.fr\/es\/wp-json\/wp\/v2\/product_brand?post=49963"},{"taxonomy":"product_cat","embeddable":true,"href":"https:\/\/www.coquard.fr\/es\/wp-json\/wp\/v2\/product_cat?post=49963"},{"taxonomy":"product_tag","embeddable":true,"href":"https:\/\/www.coquard.fr\/es\/wp-json\/wp\/v2\/product_tag?post=49963"}],"curies":[{"name":"wp","href":"https:\/\/api.w.org\/{rel}","templated":true}]}}