{"id":49816,"date":"2023-03-16T20:08:46","date_gmt":"2023-03-16T19:08:46","guid":{"rendered":"https:\/\/www.coquard.fr\/produit\/doseur-volumetrique-50-1300-ml-dosage-produits-liquides"},"modified":"2026-04-06T21:13:53","modified_gmt":"2026-04-06T19:13:53","slug":"doseur-volumetrique-50-1300-ml-dosage-produits-liquides","status":"publish","type":"product","link":"https:\/\/www.coquard.fr\/es\/produit\/doseur-volumetrique-50-1300-ml-dosage-produits-liquides","title":{"rendered":"DOSEUR VOLUMETRIQUE 50-1300 ML DOSAGE PRODUITS LIQUIDES"},"content":{"rendered":"<p>Doseur \u00e0 piston enti\u00e8rement inox pour dosage de produits liquides uniquement : lait, yaourt, sans morceaux. Ensemble complet comprenant un doseur volum\u00e9trique pour 50 \u00e0 1300 ml, une soupape de dosage pour produits liquides, une tr\u00e9mie inox de 15 litres. Doseur \u00e0 poser sur table. Fonctionnement enti\u00e8rement pneumatique. Pas d&#8217;alimentation \u00e9lectrique n\u00e9cessaire. Cadence de 200 \u00e0 700 coups par heure selon volume de produit n\u00e9cessaire. Livr\u00e9 avec un kit joint de remplacement.                 <\/p>\n","protected":false},"excerpt":{"rendered":"<p>49816<\/p>\n","protected":false},"featured_media":49792,"comment_status":"closed","ping_status":"closed","template":"","meta":{"_acf_changed":false},"product_brand":[],"product_cat":[1501],"product_tag":[],"class_list":{"0":"post-49816","1":"product","2":"type-product","3":"status-publish","4":"has-post-thumbnail","6":"product_cat-dosificacion-y-llenado","8":"first","9":"onbackorder","10":"taxable","11":"shipping-taxable","12":"purchasable","13":"product-type-simple"},"acf":[],"_links":{"self":[{"href":"https:\/\/www.coquard.fr\/es\/wp-json\/wp\/v2\/product\/49816","targetHints":{"allow":["GET"]}}],"collection":[{"href":"https:\/\/www.coquard.fr\/es\/wp-json\/wp\/v2\/product"}],"about":[{"href":"https:\/\/www.coquard.fr\/es\/wp-json\/wp\/v2\/types\/product"}],"replies":[{"embeddable":true,"href":"https:\/\/www.coquard.fr\/es\/wp-json\/wp\/v2\/comments?post=49816"}],"wp:featuredmedia":[{"embeddable":true,"href":"https:\/\/www.coquard.fr\/es\/wp-json\/wp\/v2\/media\/49792"}],"wp:attachment":[{"href":"https:\/\/www.coquard.fr\/es\/wp-json\/wp\/v2\/media?parent=49816"}],"wp:term":[{"taxonomy":"product_brand","embeddable":true,"href":"https:\/\/www.coquard.fr\/es\/wp-json\/wp\/v2\/product_brand?post=49816"},{"taxonomy":"product_cat","embeddable":true,"href":"https:\/\/www.coquard.fr\/es\/wp-json\/wp\/v2\/product_cat?post=49816"},{"taxonomy":"product_tag","embeddable":true,"href":"https:\/\/www.coquard.fr\/es\/wp-json\/wp\/v2\/product_tag?post=49816"}],"curies":[{"name":"wp","href":"https:\/\/api.w.org\/{rel}","templated":true}]}}