{"id":49610,"date":"2023-03-09T11:47:03","date_gmt":"2023-03-09T10:47:03","guid":{"rendered":"https:\/\/www.coquard.fr\/produit\/citerne-de-transport-isolee-300-litres"},"modified":"2026-02-10T20:13:03","modified_gmt":"2026-02-10T19:13:03","slug":"citerne-de-transport-isolee-300-litres","status":"publish","type":"product","link":"https:\/\/www.coquard.fr\/es\/produit\/citerne-de-transport-isolee-300-litres","title":{"rendered":"CISTERNA DE TRANSPORTE AISLADA 300 LITROS"},"content":{"rendered":"<p>Cisterna de transporte de acero inoxidable 304 aislado en el fondo y en virola con una capacidad de 300 litros. Carece de grupo de refrigeraci\u00f3n. Tapa fijada por cierre a presi\u00f3n. Entrada para el llenado y salida di\u00e1metro 51 SMS macho. Vendida sin v\u00e1lvula (existe la posibilidad de a\u00f1adir una v\u00e1lvula de mariposa o de bola). En opci\u00f3n, se propone un conjunto de bolas de lavado, referencia 037AAA.<\/p>\n","protected":false},"excerpt":{"rendered":"<p>49610<\/p>\n","protected":false},"featured_media":49602,"comment_status":"closed","ping_status":"closed","template":"","meta":{"_acf_changed":false},"product_brand":[],"product_cat":[1533],"product_tag":[],"class_list":{"0":"post-49610","1":"product","2":"type-product","3":"status-publish","4":"has-post-thumbnail","6":"product_cat-tanques-de-leche-y-cisternas","8":"first","9":"onbackorder","10":"taxable","11":"shipping-taxable","12":"purchasable","13":"product-type-simple"},"acf":[],"_links":{"self":[{"href":"https:\/\/www.coquard.fr\/es\/wp-json\/wp\/v2\/product\/49610","targetHints":{"allow":["GET"]}}],"collection":[{"href":"https:\/\/www.coquard.fr\/es\/wp-json\/wp\/v2\/product"}],"about":[{"href":"https:\/\/www.coquard.fr\/es\/wp-json\/wp\/v2\/types\/product"}],"replies":[{"embeddable":true,"href":"https:\/\/www.coquard.fr\/es\/wp-json\/wp\/v2\/comments?post=49610"}],"wp:featuredmedia":[{"embeddable":true,"href":"https:\/\/www.coquard.fr\/es\/wp-json\/wp\/v2\/media\/49602"}],"wp:attachment":[{"href":"https:\/\/www.coquard.fr\/es\/wp-json\/wp\/v2\/media?parent=49610"}],"wp:term":[{"taxonomy":"product_brand","embeddable":true,"href":"https:\/\/www.coquard.fr\/es\/wp-json\/wp\/v2\/product_brand?post=49610"},{"taxonomy":"product_cat","embeddable":true,"href":"https:\/\/www.coquard.fr\/es\/wp-json\/wp\/v2\/product_cat?post=49610"},{"taxonomy":"product_tag","embeddable":true,"href":"https:\/\/www.coquard.fr\/es\/wp-json\/wp\/v2\/product_tag?post=49610"}],"curies":[{"name":"wp","href":"https:\/\/api.w.org\/{rel}","templated":true}]}}