{"id":49270,"date":"2023-02-23T11:28:02","date_gmt":"2023-02-23T10:28:02","guid":{"rendered":"https:\/\/www.coquard.fr\/produit\/tuyau-tricolait-d-15-23-mm"},"modified":"2026-01-08T15:09:44","modified_gmt":"2026-01-08T14:09:44","slug":"tuyau-tricolait-d-15-23-mm","status":"publish","type":"product","link":"https:\/\/www.coquard.fr\/es\/produit\/tuyau-tricolait-d-15-23-mm","title":{"rendered":"TUBO TRICOLAIT D. 15-23 mm"},"content":{"rendered":"<p>Tubo TRICOLAIT flexible con armadura trenzada en fibra de poli\u00e9ster entre dos capas transparentes de policloruro de vinilo, di\u00e1metro interior: 15 mm, di\u00e1metro exterior: 23 mm. V\u00e1lido a una temperatura m\u00e1xima de 60\u00b0C para transferencia de productos alimentarios y aire comprimido. Corona de 25 metros. Vendido por metro.<\/p>\n","protected":false},"excerpt":{"rendered":"<p>49270<\/p>\n","protected":false},"featured_media":36657,"comment_status":"closed","ping_status":"closed","template":"","meta":{"_acf_changed":false},"product_brand":[],"product_cat":[1516],"product_tag":[],"class_list":{"0":"post-49270","1":"product","2":"type-product","3":"status-publish","4":"has-post-thumbnail","6":"product_cat-bombas-conexiones-y-mangueras","8":"first","9":"instock","10":"taxable","11":"shipping-taxable","12":"purchasable","13":"product-type-simple"},"acf":[],"_links":{"self":[{"href":"https:\/\/www.coquard.fr\/es\/wp-json\/wp\/v2\/product\/49270","targetHints":{"allow":["GET"]}}],"collection":[{"href":"https:\/\/www.coquard.fr\/es\/wp-json\/wp\/v2\/product"}],"about":[{"href":"https:\/\/www.coquard.fr\/es\/wp-json\/wp\/v2\/types\/product"}],"replies":[{"embeddable":true,"href":"https:\/\/www.coquard.fr\/es\/wp-json\/wp\/v2\/comments?post=49270"}],"wp:featuredmedia":[{"embeddable":true,"href":"https:\/\/www.coquard.fr\/es\/wp-json\/wp\/v2\/media\/36657"}],"wp:attachment":[{"href":"https:\/\/www.coquard.fr\/es\/wp-json\/wp\/v2\/media?parent=49270"}],"wp:term":[{"taxonomy":"product_brand","embeddable":true,"href":"https:\/\/www.coquard.fr\/es\/wp-json\/wp\/v2\/product_brand?post=49270"},{"taxonomy":"product_cat","embeddable":true,"href":"https:\/\/www.coquard.fr\/es\/wp-json\/wp\/v2\/product_cat?post=49270"},{"taxonomy":"product_tag","embeddable":true,"href":"https:\/\/www.coquard.fr\/es\/wp-json\/wp\/v2\/product_tag?post=49270"}],"curies":[{"name":"wp","href":"https:\/\/api.w.org\/{rel}","templated":true}]}}