{"id":49267,"date":"2022-01-14T22:05:36","date_gmt":"2022-01-14T21:05:36","guid":{"rendered":"https:\/\/www.coquard.fr\/produit\/tuyau-armalait-d-50-62-mm-couronne-de-20-metres"},"modified":"2026-01-08T15:09:37","modified_gmt":"2026-01-08T14:09:37","slug":"tuyau-armalait-d-50-62-mm-couronne-de-20-metres","status":"publish","type":"product","link":"https:\/\/www.coquard.fr\/es\/produit\/tuyau-armalait-d-50-62-mm-couronne-de-20-metres","title":{"rendered":"TUYAU ARMALAIT D. 50\/62 mm. PRIX AU METRE"},"content":{"rendered":"<p>Tube caoutchouc blanc lisse norme alimentaire. Renforcement trame textile et spirale en acier noy\u00e9es dans la paroi. Rev\u00eatement caoutchouc bleu avec empreinte toile. Plage de temp\u00e9rature -20\u00b0C \u00e0 +85\u00b0C. Couronne de 20 m\u00e8tres. Prix au m\u00e8tre.<\/p>\n","protected":false},"excerpt":{"rendered":"<p>49267<\/p>\n","protected":false},"featured_media":23522,"comment_status":"closed","ping_status":"closed","template":"","meta":{"_acf_changed":false},"product_brand":[],"product_cat":[1516],"product_tag":[],"class_list":{"0":"post-49267","1":"product","2":"type-product","3":"status-publish","4":"has-post-thumbnail","6":"product_cat-bombas-conexiones-y-mangueras","8":"first","9":"instock","10":"taxable","11":"shipping-taxable","12":"purchasable","13":"product-type-simple"},"acf":[],"_links":{"self":[{"href":"https:\/\/www.coquard.fr\/es\/wp-json\/wp\/v2\/product\/49267","targetHints":{"allow":["GET"]}}],"collection":[{"href":"https:\/\/www.coquard.fr\/es\/wp-json\/wp\/v2\/product"}],"about":[{"href":"https:\/\/www.coquard.fr\/es\/wp-json\/wp\/v2\/types\/product"}],"replies":[{"embeddable":true,"href":"https:\/\/www.coquard.fr\/es\/wp-json\/wp\/v2\/comments?post=49267"}],"wp:featuredmedia":[{"embeddable":true,"href":"https:\/\/www.coquard.fr\/es\/wp-json\/wp\/v2\/media\/23522"}],"wp:attachment":[{"href":"https:\/\/www.coquard.fr\/es\/wp-json\/wp\/v2\/media?parent=49267"}],"wp:term":[{"taxonomy":"product_brand","embeddable":true,"href":"https:\/\/www.coquard.fr\/es\/wp-json\/wp\/v2\/product_brand?post=49267"},{"taxonomy":"product_cat","embeddable":true,"href":"https:\/\/www.coquard.fr\/es\/wp-json\/wp\/v2\/product_cat?post=49267"},{"taxonomy":"product_tag","embeddable":true,"href":"https:\/\/www.coquard.fr\/es\/wp-json\/wp\/v2\/product_tag?post=49267"}],"curies":[{"name":"wp","href":"https:\/\/api.w.org\/{rel}","templated":true}]}}