{"id":48858,"date":"2023-02-07T15:20:17","date_gmt":"2023-02-07T14:20:17","guid":{"rendered":"https:\/\/www.coquard.fr\/produit\/vitrine-refrigeree-136-cm-sur-remorque"},"modified":"2026-03-02T20:20:06","modified_gmt":"2026-03-02T19:20:06","slug":"vitrine-refrigeree-136-cm-sur-remorque","status":"publish","type":"product","link":"https:\/\/www.coquard.fr\/es\/produit\/vitrine-refrigeree-136-cm-sur-remorque","title":{"rendered":"ESCAPARATE REFRIGERADO 136 cm MONTADO EN REMOLQUE"},"content":{"rendered":"<p>Escaparate para una mejor presentaci\u00f3n, aumentando la visibilidad de los productos. Incluye dos escaparates correderos, un estante y una bandejas de presentaci\u00f3n de 1 metro para montar en la parte delantera. Cuba interior de acero inoxidable 304. Fr\u00edo est\u00e1tico en movimiento con regulaci\u00f3n electr\u00f3nica. Panel digital de la temperatura, visible para la clientela. Rango de ajuste de la temperatura de 2\u00b0C a 15\u00b0C seg\u00fan la temperatura exterior. Apto para ambientes inferiores a 30\u00b0C. Remolque con chasis reforzado. Alimentaci\u00f3n: 230 Voltios. Longitud total: 2.30 m. Superficie acristalada 1360 mm x 680 mm x 520 mm. Diversas opciones: rueda de repuesto (200CFA), parasol (200CDA), faldones grises o personalizados, iluminaci\u00f3n LED (200CJC).<\/p>\n","protected":false},"excerpt":{"rendered":"<p>48858<\/p>\n","protected":false},"featured_media":25682,"comment_status":"closed","ping_status":"closed","template":"","meta":{"_acf_changed":false},"product_brand":[],"product_cat":[1599],"product_tag":[],"class_list":{"0":"post-48858","1":"product","2":"type-product","3":"status-publish","4":"has-post-thumbnail","6":"product_cat-vitrina-de-mercado","8":"first","9":"instock","10":"taxable","11":"shipping-taxable","12":"purchasable","13":"product-type-simple"},"acf":[],"_links":{"self":[{"href":"https:\/\/www.coquard.fr\/es\/wp-json\/wp\/v2\/product\/48858","targetHints":{"allow":["GET"]}}],"collection":[{"href":"https:\/\/www.coquard.fr\/es\/wp-json\/wp\/v2\/product"}],"about":[{"href":"https:\/\/www.coquard.fr\/es\/wp-json\/wp\/v2\/types\/product"}],"replies":[{"embeddable":true,"href":"https:\/\/www.coquard.fr\/es\/wp-json\/wp\/v2\/comments?post=48858"}],"wp:featuredmedia":[{"embeddable":true,"href":"https:\/\/www.coquard.fr\/es\/wp-json\/wp\/v2\/media\/25682"}],"wp:attachment":[{"href":"https:\/\/www.coquard.fr\/es\/wp-json\/wp\/v2\/media?parent=48858"}],"wp:term":[{"taxonomy":"product_brand","embeddable":true,"href":"https:\/\/www.coquard.fr\/es\/wp-json\/wp\/v2\/product_brand?post=48858"},{"taxonomy":"product_cat","embeddable":true,"href":"https:\/\/www.coquard.fr\/es\/wp-json\/wp\/v2\/product_cat?post=48858"},{"taxonomy":"product_tag","embeddable":true,"href":"https:\/\/www.coquard.fr\/es\/wp-json\/wp\/v2\/product_tag?post=48858"}],"curies":[{"name":"wp","href":"https:\/\/api.w.org\/{rel}","templated":true}]}}