{"id":48422,"date":"2023-01-24T09:59:48","date_gmt":"2023-01-24T08:59:48","guid":{"rendered":"https:\/\/www.coquard.fr\/produit\/rampe-de-chauffage-et-ventilation-25-m3"},"modified":"2026-04-12T23:18:26","modified_gmt":"2026-04-12T21:18:26","slug":"rampe-de-chauffage-et-ventilation-25-m3","status":"publish","type":"product","link":"https:\/\/www.coquard.fr\/es\/produit\/rampe-de-chauffage-et-ventilation-25-m3","title":{"rendered":"COLUMNA DE CALENTAMIENTO Y VENTILACION 25 M3"},"content":{"rendered":"<p>Rampa para la pasteurizaci\u00f3n de yogures en c\u00e1mara de 10 a 25 m\u00b3. Conjunto de 4 ventiladores y 8 resistencias montadas en un soporte de acero inoxidable. Cada ventilador posee un interruptor \/ variador de velocidad. Anchura 600 mm, altura 1.800 mm, proyecci\u00f3n 670 mm. Alimentaci\u00f3n 400 V, 50 Hz. Rampa provista de dos pies, dos ruedas fijas y dos empu\u00f1aduras para facilitar el desplazamiento.<\/p>\n","protected":false},"excerpt":{"rendered":"<p>48422<\/p>\n","protected":false},"featured_media":48425,"comment_status":"closed","ping_status":"closed","template":"","meta":{"_acf_changed":false},"product_brand":[],"product_cat":[1505],"product_tag":[],"class_list":{"0":"post-48422","1":"product","2":"type-product","3":"status-publish","4":"has-post-thumbnail","6":"product_cat-estufa","8":"first","9":"onbackorder","10":"taxable","11":"shipping-taxable","12":"purchasable","13":"product-type-simple"},"acf":[],"_links":{"self":[{"href":"https:\/\/www.coquard.fr\/es\/wp-json\/wp\/v2\/product\/48422","targetHints":{"allow":["GET"]}}],"collection":[{"href":"https:\/\/www.coquard.fr\/es\/wp-json\/wp\/v2\/product"}],"about":[{"href":"https:\/\/www.coquard.fr\/es\/wp-json\/wp\/v2\/types\/product"}],"replies":[{"embeddable":true,"href":"https:\/\/www.coquard.fr\/es\/wp-json\/wp\/v2\/comments?post=48422"}],"wp:featuredmedia":[{"embeddable":true,"href":"https:\/\/www.coquard.fr\/es\/wp-json\/wp\/v2\/media\/48425"}],"wp:attachment":[{"href":"https:\/\/www.coquard.fr\/es\/wp-json\/wp\/v2\/media?parent=48422"}],"wp:term":[{"taxonomy":"product_brand","embeddable":true,"href":"https:\/\/www.coquard.fr\/es\/wp-json\/wp\/v2\/product_brand?post=48422"},{"taxonomy":"product_cat","embeddable":true,"href":"https:\/\/www.coquard.fr\/es\/wp-json\/wp\/v2\/product_cat?post=48422"},{"taxonomy":"product_tag","embeddable":true,"href":"https:\/\/www.coquard.fr\/es\/wp-json\/wp\/v2\/product_tag?post=48422"}],"curies":[{"name":"wp","href":"https:\/\/api.w.org\/{rel}","templated":true}]}}