{"id":48227,"date":"2023-01-16T16:06:35","date_gmt":"2023-01-16T15:06:35","guid":{"rendered":"https:\/\/www.coquard.fr\/produit\/repartiteur-4x5-trous-pour-058pgb-carre"},"modified":"2026-03-27T20:17:22","modified_gmt":"2026-03-27T19:17:22","slug":"repartiteur-4x5-trous-pour-058pgb-carre","status":"publish","type":"product","link":"https:\/\/www.coquard.fr\/es\/produit\/repartiteur-4x5-trous-pour-058pgb-carre","title":{"rendered":"REPARTIDOR DE INOXIDABLE PARA MOLDES DIAMETRO 89 mm"},"content":{"rendered":"<p>Distribuidor para facilitar y acelerar el moldeo en moldes individuales. 5 x 6 orificios en l\u00ednea (30). Para moldes St-Marcellin (Ref. 058CHA), o todos los dem\u00e1s moldes de di\u00e1metro exterior de 94 mm y di\u00e1metro interior de 89 mm. Dimensiones 630 mm x 510 mm x Borde 50 mm. Peso 3,9 kg.<\/p>\n","protected":false},"excerpt":{"rendered":"<p>48227<\/p>\n","protected":false},"featured_media":0,"comment_status":"closed","ping_status":"closed","template":"","meta":{"_acf_changed":false},"product_brand":[],"product_cat":[1541],"product_tag":[],"class_list":{"0":"post-48227","1":"product","2":"type-product","3":"status-publish","5":"product_cat-repartidores-de-inoxidable","7":"first","8":"onbackorder","9":"taxable","10":"shipping-taxable","11":"purchasable","12":"product-type-simple"},"acf":[],"_links":{"self":[{"href":"https:\/\/www.coquard.fr\/es\/wp-json\/wp\/v2\/product\/48227","targetHints":{"allow":["GET"]}}],"collection":[{"href":"https:\/\/www.coquard.fr\/es\/wp-json\/wp\/v2\/product"}],"about":[{"href":"https:\/\/www.coquard.fr\/es\/wp-json\/wp\/v2\/types\/product"}],"replies":[{"embeddable":true,"href":"https:\/\/www.coquard.fr\/es\/wp-json\/wp\/v2\/comments?post=48227"}],"wp:attachment":[{"href":"https:\/\/www.coquard.fr\/es\/wp-json\/wp\/v2\/media?parent=48227"}],"wp:term":[{"taxonomy":"product_brand","embeddable":true,"href":"https:\/\/www.coquard.fr\/es\/wp-json\/wp\/v2\/product_brand?post=48227"},{"taxonomy":"product_cat","embeddable":true,"href":"https:\/\/www.coquard.fr\/es\/wp-json\/wp\/v2\/product_cat?post=48227"},{"taxonomy":"product_tag","embeddable":true,"href":"https:\/\/www.coquard.fr\/es\/wp-json\/wp\/v2\/product_tag?post=48227"}],"curies":[{"name":"wp","href":"https:\/\/api.w.org\/{rel}","templated":true}]}}