{"id":48114,"date":"2023-01-12T10:05:34","date_gmt":"2023-01-12T09:05:34","guid":{"rendered":"https:\/\/www.coquard.fr\/produit\/vanne-papillon-sms-63"},"modified":"2026-02-11T20:15:25","modified_gmt":"2026-02-11T19:15:25","slug":"vanne-papillon-sms-63","status":"publish","type":"product","link":"https:\/\/www.coquard.fr\/es\/produit\/vanne-papillon-sms-63","title":{"rendered":"V\u00c1LVULA DE MARIPOSA SMS 63"},"content":{"rendered":"<p>V\u00e1lvula de mariposa de acero inoxidable. SMS 63 macho- v\u00e1lvula 63- SMS 63 hembra.<\/p>\n","protected":false},"excerpt":{"rendered":"<p>48114<\/p>\n","protected":false},"featured_media":48117,"comment_status":"closed","ping_status":"closed","template":"","meta":{"_acf_changed":false},"product_brand":[],"product_cat":[1516],"product_tag":[],"class_list":{"0":"post-48114","1":"product","2":"type-product","3":"status-publish","4":"has-post-thumbnail","6":"product_cat-bombas-conexiones-y-mangueras","8":"first","9":"instock","10":"taxable","11":"shipping-taxable","12":"purchasable","13":"product-type-simple"},"acf":[],"_links":{"self":[{"href":"https:\/\/www.coquard.fr\/es\/wp-json\/wp\/v2\/product\/48114","targetHints":{"allow":["GET"]}}],"collection":[{"href":"https:\/\/www.coquard.fr\/es\/wp-json\/wp\/v2\/product"}],"about":[{"href":"https:\/\/www.coquard.fr\/es\/wp-json\/wp\/v2\/types\/product"}],"replies":[{"embeddable":true,"href":"https:\/\/www.coquard.fr\/es\/wp-json\/wp\/v2\/comments?post=48114"}],"wp:featuredmedia":[{"embeddable":true,"href":"https:\/\/www.coquard.fr\/es\/wp-json\/wp\/v2\/media\/48117"}],"wp:attachment":[{"href":"https:\/\/www.coquard.fr\/es\/wp-json\/wp\/v2\/media?parent=48114"}],"wp:term":[{"taxonomy":"product_brand","embeddable":true,"href":"https:\/\/www.coquard.fr\/es\/wp-json\/wp\/v2\/product_brand?post=48114"},{"taxonomy":"product_cat","embeddable":true,"href":"https:\/\/www.coquard.fr\/es\/wp-json\/wp\/v2\/product_cat?post=48114"},{"taxonomy":"product_tag","embeddable":true,"href":"https:\/\/www.coquard.fr\/es\/wp-json\/wp\/v2\/product_tag?post=48114"}],"curies":[{"name":"wp","href":"https:\/\/api.w.org\/{rel}","templated":true}]}}