{"id":47402,"date":"2022-12-22T13:49:11","date_gmt":"2022-12-22T12:49:11","guid":{"rendered":"https:\/\/www.coquard.fr\/produit\/cellule-detuvage-et-de-caillage"},"modified":"2026-04-27T21:03:25","modified_gmt":"2026-04-27T19:03:25","slug":"cellule-detuvage-et-de-caillage","status":"publish","type":"product","link":"https:\/\/www.coquard.fr\/es\/produit\/cellule-detuvage-et-de-caillage","title":{"rendered":"CELULA DE ESTOFADO PARA YOGURES"},"content":{"rendered":"<p>C\u00e1mara de coagulaci\u00f3n y de fermentaci\u00f3n. Capacidad 150 litros de leche aproximadamente: 2 carros 600&#215;400 o 2 pilas de cajas 600&#215;400 mm. Temperatura m\u00e1xima +45\u00b0C. Potencia resistencia: 1000 W. Alimentaci\u00f3n 230 V. 50 Hz. Incluye: 1 termostato para gestionar el calor y el fr\u00edo, 1 conmutador de calor \/ fr\u00edo. La c\u00e1mara puede servir para el almacenamiento a 4\u00b0C, pero no permite la refrigeraci\u00f3n de los yogures de 43\u00b0C a 4\u00b0C (grupo fr\u00edo de 570 W). Dimensiones exteriores long. 1.000 mm x prof. 1.060 mm x alt. 2120 mm. Pasos de puerta 700 mm x alt. 1.740 mm. C\u00e1mara entrega desmontada, sin suelo. Montaje sencillo por 2 personas.<\/p>\n","protected":false},"excerpt":{"rendered":"<p>47402<\/p>\n","protected":false},"featured_media":23585,"comment_status":"closed","ping_status":"closed","template":"","meta":{"_acf_changed":false},"product_brand":[],"product_cat":[1505],"product_tag":[],"class_list":{"0":"post-47402","1":"product","2":"type-product","3":"status-publish","4":"has-post-thumbnail","6":"product_cat-estufa","8":"first","9":"onbackorder","10":"taxable","11":"shipping-taxable","12":"purchasable","13":"product-type-simple"},"acf":[],"_links":{"self":[{"href":"https:\/\/www.coquard.fr\/es\/wp-json\/wp\/v2\/product\/47402","targetHints":{"allow":["GET"]}}],"collection":[{"href":"https:\/\/www.coquard.fr\/es\/wp-json\/wp\/v2\/product"}],"about":[{"href":"https:\/\/www.coquard.fr\/es\/wp-json\/wp\/v2\/types\/product"}],"replies":[{"embeddable":true,"href":"https:\/\/www.coquard.fr\/es\/wp-json\/wp\/v2\/comments?post=47402"}],"wp:featuredmedia":[{"embeddable":true,"href":"https:\/\/www.coquard.fr\/es\/wp-json\/wp\/v2\/media\/23585"}],"wp:attachment":[{"href":"https:\/\/www.coquard.fr\/es\/wp-json\/wp\/v2\/media?parent=47402"}],"wp:term":[{"taxonomy":"product_brand","embeddable":true,"href":"https:\/\/www.coquard.fr\/es\/wp-json\/wp\/v2\/product_brand?post=47402"},{"taxonomy":"product_cat","embeddable":true,"href":"https:\/\/www.coquard.fr\/es\/wp-json\/wp\/v2\/product_cat?post=47402"},{"taxonomy":"product_tag","embeddable":true,"href":"https:\/\/www.coquard.fr\/es\/wp-json\/wp\/v2\/product_tag?post=47402"}],"curies":[{"name":"wp","href":"https:\/\/api.w.org\/{rel}","templated":true}]}}