{"id":46605,"date":"2022-12-02T12:17:35","date_gmt":"2022-12-02T11:17:35","guid":{"rendered":"https:\/\/www.coquard.fr\/produit\/pied-reglable-pour-support-de-table-044aia-aja-aka"},"modified":"2026-04-06T21:15:11","modified_gmt":"2026-04-06T19:15:11","slug":"pied-reglable-pour-support-de-table-044aia-aja-aka","status":"publish","type":"product","link":"https:\/\/www.coquard.fr\/es\/produit\/pied-reglable-pour-support-de-table-044aia-aja-aka","title":{"rendered":"PIED REGLABLE POUR SUPPORT DE TABLE 044AIA, AJA, AKA"},"content":{"rendered":"<p>Pied v\u00e9rin r\u00e9glable diam\u00e8tre 50 mm, tige inox M8 longueur 58 mm. Bouchon de tube plastique avec insert laiton. Convient pour les supports de table d&#8217;\u00e9gouttage en tube carr\u00e9 r\u00e9f\u00e9rence 044AIA, 044AJA, 044AKA.<\/p>\n","protected":false},"excerpt":{"rendered":"<p>46605<\/p>\n","protected":false},"featured_media":46608,"comment_status":"closed","ping_status":"closed","template":"","meta":{"_acf_changed":false},"product_brand":[],"product_cat":[1531],"product_tag":[],"class_list":{"0":"post-46605","1":"product","2":"type-product","3":"status-publish","4":"has-post-thumbnail","6":"product_cat-mesas-de-desuerado-y-de-embalaje","8":"first","9":"instock","10":"taxable","11":"shipping-taxable","12":"purchasable","13":"product-type-simple"},"acf":[],"_links":{"self":[{"href":"https:\/\/www.coquard.fr\/es\/wp-json\/wp\/v2\/product\/46605","targetHints":{"allow":["GET"]}}],"collection":[{"href":"https:\/\/www.coquard.fr\/es\/wp-json\/wp\/v2\/product"}],"about":[{"href":"https:\/\/www.coquard.fr\/es\/wp-json\/wp\/v2\/types\/product"}],"replies":[{"embeddable":true,"href":"https:\/\/www.coquard.fr\/es\/wp-json\/wp\/v2\/comments?post=46605"}],"wp:featuredmedia":[{"embeddable":true,"href":"https:\/\/www.coquard.fr\/es\/wp-json\/wp\/v2\/media\/46608"}],"wp:attachment":[{"href":"https:\/\/www.coquard.fr\/es\/wp-json\/wp\/v2\/media?parent=46605"}],"wp:term":[{"taxonomy":"product_brand","embeddable":true,"href":"https:\/\/www.coquard.fr\/es\/wp-json\/wp\/v2\/product_brand?post=46605"},{"taxonomy":"product_cat","embeddable":true,"href":"https:\/\/www.coquard.fr\/es\/wp-json\/wp\/v2\/product_cat?post=46605"},{"taxonomy":"product_tag","embeddable":true,"href":"https:\/\/www.coquard.fr\/es\/wp-json\/wp\/v2\/product_tag?post=46605"}],"curies":[{"name":"wp","href":"https:\/\/api.w.org\/{rel}","templated":true}]}}