{"id":46491,"date":"2022-01-20T19:43:54","date_gmt":"2022-01-20T18:43:54","guid":{"rendered":"https:\/\/www.coquard.fr\/produit\/laffinage-des-fromages-fermiers-lactiques-2"},"modified":"2026-01-30T13:57:07","modified_gmt":"2026-01-30T12:57:07","slug":"laffinage-des-fromages-fermiers-lactiques-2","status":"publish","type":"product","link":"https:\/\/www.coquard.fr\/es\/produit\/laffinage-des-fromages-fermiers-lactiques-2","title":{"rendered":"LA MADURACI\u00d3N DEL QUESO"},"content":{"rendered":"<p>Libro que proporciona muchos detalles y par\u00e1metros para la maduraci\u00f3n del queso l\u00e1cteo en la granja. Libro de 144 p\u00e1ginas. Publicado por el \u00abInstitut de l&#8217;\u00e9levage\u00bb.<\/p>\n","protected":false},"excerpt":{"rendered":"<p>46491<\/p>\n","protected":false},"featured_media":36070,"comment_status":"closed","ping_status":"closed","template":"","meta":{"_acf_changed":false},"product_brand":[],"product_cat":[1593],"product_tag":[],"class_list":{"0":"post-46491","1":"product","2":"type-product","3":"status-publish","4":"has-post-thumbnail","6":"product_cat-bibliografia","8":"first","9":"instock","10":"taxable","11":"shipping-taxable","12":"purchasable","13":"product-type-simple"},"acf":[],"_links":{"self":[{"href":"https:\/\/www.coquard.fr\/es\/wp-json\/wp\/v2\/product\/46491","targetHints":{"allow":["GET"]}}],"collection":[{"href":"https:\/\/www.coquard.fr\/es\/wp-json\/wp\/v2\/product"}],"about":[{"href":"https:\/\/www.coquard.fr\/es\/wp-json\/wp\/v2\/types\/product"}],"replies":[{"embeddable":true,"href":"https:\/\/www.coquard.fr\/es\/wp-json\/wp\/v2\/comments?post=46491"}],"wp:featuredmedia":[{"embeddable":true,"href":"https:\/\/www.coquard.fr\/es\/wp-json\/wp\/v2\/media\/36070"}],"wp:attachment":[{"href":"https:\/\/www.coquard.fr\/es\/wp-json\/wp\/v2\/media?parent=46491"}],"wp:term":[{"taxonomy":"product_brand","embeddable":true,"href":"https:\/\/www.coquard.fr\/es\/wp-json\/wp\/v2\/product_brand?post=46491"},{"taxonomy":"product_cat","embeddable":true,"href":"https:\/\/www.coquard.fr\/es\/wp-json\/wp\/v2\/product_cat?post=46491"},{"taxonomy":"product_tag","embeddable":true,"href":"https:\/\/www.coquard.fr\/es\/wp-json\/wp\/v2\/product_tag?post=46491"}],"curies":[{"name":"wp","href":"https:\/\/api.w.org\/{rel}","templated":true}]}}