{"id":46476,"date":"2021-11-08T22:06:09","date_gmt":"2021-11-08T21:06:09","guid":{"rendered":"https:\/\/www.coquard.fr\/produit\/les-pates-pressees-de-profession-fromager"},"modified":"2026-03-06T20:21:33","modified_gmt":"2026-03-06T19:21:33","slug":"les-pates-pressees-de-profession-fromager","status":"publish","type":"product","link":"https:\/\/www.coquard.fr\/es\/produit\/les-pates-pressees-de-profession-fromager","title":{"rendered":"PASTA PRENSADA DE PROFESIONAL DES QUESO"},"content":{"rendered":"<p>Un libro que proporciona numerosos detalles y par\u00e1metros para la fabricaci\u00f3n y maduraci\u00f3n de la pasta prensada. Libro de 196 p\u00e1ginas. Publicado por \u00abProfession Fromager\u00bb.<\/p>\n","protected":false},"excerpt":{"rendered":"<p>46476<\/p>\n","protected":false},"featured_media":36067,"comment_status":"closed","ping_status":"closed","template":"","meta":{"_acf_changed":false},"product_brand":[],"product_cat":[1593],"product_tag":[],"class_list":{"0":"post-46476","1":"product","2":"type-product","3":"status-publish","4":"has-post-thumbnail","6":"product_cat-bibliografia","8":"first","9":"instock","10":"taxable","11":"shipping-taxable","12":"purchasable","13":"product-type-simple"},"acf":[],"_links":{"self":[{"href":"https:\/\/www.coquard.fr\/es\/wp-json\/wp\/v2\/product\/46476","targetHints":{"allow":["GET"]}}],"collection":[{"href":"https:\/\/www.coquard.fr\/es\/wp-json\/wp\/v2\/product"}],"about":[{"href":"https:\/\/www.coquard.fr\/es\/wp-json\/wp\/v2\/types\/product"}],"replies":[{"embeddable":true,"href":"https:\/\/www.coquard.fr\/es\/wp-json\/wp\/v2\/comments?post=46476"}],"wp:featuredmedia":[{"embeddable":true,"href":"https:\/\/www.coquard.fr\/es\/wp-json\/wp\/v2\/media\/36067"}],"wp:attachment":[{"href":"https:\/\/www.coquard.fr\/es\/wp-json\/wp\/v2\/media?parent=46476"}],"wp:term":[{"taxonomy":"product_brand","embeddable":true,"href":"https:\/\/www.coquard.fr\/es\/wp-json\/wp\/v2\/product_brand?post=46476"},{"taxonomy":"product_cat","embeddable":true,"href":"https:\/\/www.coquard.fr\/es\/wp-json\/wp\/v2\/product_cat?post=46476"},{"taxonomy":"product_tag","embeddable":true,"href":"https:\/\/www.coquard.fr\/es\/wp-json\/wp\/v2\/product_tag?post=46476"}],"curies":[{"name":"wp","href":"https:\/\/api.w.org\/{rel}","templated":true}]}}