{"id":46304,"date":"2022-11-24T15:38:57","date_gmt":"2022-11-24T14:38:57","guid":{"rendered":"https:\/\/www.coquard.fr\/produit\/pot-creme-25-cl-impression-passe-partout-par-10-2"},"modified":"2026-01-08T15:54:28","modified_gmt":"2026-01-08T14:54:28","slug":"pot-creme-25-cl-impression-passe-partout-par-10-2","status":"publish","type":"product","link":"https:\/\/www.coquard.fr\/es\/produit\/pot-creme-25-cl-impression-passe-partout-par-10-2","title":{"rendered":"TARRO PARA NATA 25cl IMPRESI\u00d3N PASPART\u00da VENDIDO POR 10"},"content":{"rendered":"<p>Tarro para nata de polipropileno blanco, impresi\u00f3n paspart\u00fa (pueblo en un paisaje de monta\u00f1a), homologado para el contacto con alimentos. Capacidad: 250 ml. Dimensiones exteriores: 94,2 mm x 71,3 mm x 70,3 mm. Termosellado posible. Caja de 992. Vendido a la decena. Tapa vendida por separado, referencia 904ABO.<\/p>\n","protected":false},"excerpt":{"rendered":"<p>46304<\/p>\n","protected":false},"featured_media":20588,"comment_status":"closed","ping_status":"closed","template":"","meta":{"_acf_changed":false},"product_brand":[],"product_cat":[1579],"product_tag":[],"class_list":{"0":"post-46304","1":"product","2":"type-product","3":"status-publish","4":"has-post-thumbnail","6":"product_cat-botes-de-nata","8":"first","9":"instock","10":"taxable","11":"shipping-taxable","12":"purchasable","13":"product-type-simple"},"acf":[],"_links":{"self":[{"href":"https:\/\/www.coquard.fr\/es\/wp-json\/wp\/v2\/product\/46304","targetHints":{"allow":["GET"]}}],"collection":[{"href":"https:\/\/www.coquard.fr\/es\/wp-json\/wp\/v2\/product"}],"about":[{"href":"https:\/\/www.coquard.fr\/es\/wp-json\/wp\/v2\/types\/product"}],"replies":[{"embeddable":true,"href":"https:\/\/www.coquard.fr\/es\/wp-json\/wp\/v2\/comments?post=46304"}],"wp:featuredmedia":[{"embeddable":true,"href":"https:\/\/www.coquard.fr\/es\/wp-json\/wp\/v2\/media\/20588"}],"wp:attachment":[{"href":"https:\/\/www.coquard.fr\/es\/wp-json\/wp\/v2\/media?parent=46304"}],"wp:term":[{"taxonomy":"product_brand","embeddable":true,"href":"https:\/\/www.coquard.fr\/es\/wp-json\/wp\/v2\/product_brand?post=46304"},{"taxonomy":"product_cat","embeddable":true,"href":"https:\/\/www.coquard.fr\/es\/wp-json\/wp\/v2\/product_cat?post=46304"},{"taxonomy":"product_tag","embeddable":true,"href":"https:\/\/www.coquard.fr\/es\/wp-json\/wp\/v2\/product_tag?post=46304"}],"curies":[{"name":"wp","href":"https:\/\/api.w.org\/{rel}","templated":true}]}}