{"id":46233,"date":"2022-11-21T20:05:22","date_gmt":"2022-11-21T19:05:22","guid":{"rendered":"https:\/\/www.coquard.fr\/produit\/reh-bloc-moule-plas-d-82-5x6-trous"},"modified":"2026-01-08T15:24:44","modified_gmt":"2026-01-08T14:24:44","slug":"reh-bloc-moule-plas-d-82-5x6-trous","status":"publish","type":"product","link":"https:\/\/www.coquard.fr\/es\/produit\/reh-bloc-moule-plas-d-82-5x6-trous","title":{"rendered":"REALZA PARA MULTIMOLDE 060AAA o 060ADA"},"content":{"rendered":"<p>Bloque de realce que permite aumentar 30 mm la altura de moldeo de quesos de tipo St-Marcellin o Peque\u00f1o Munster. Se utiliza con el bloque de moldes Ref. 060AAA (con fondo) o 060ADA (sin fondo). Realce sin fondo ni varillas de prensi\u00f3n, 5 x 6 orificios de di\u00e1metro 82 mm. Dimensiones 605 mm x 505 mm, altura 30 mm, perforaci\u00f3n de origen.<\/p>\n","protected":false},"excerpt":{"rendered":"<p>46233<\/p>\n","protected":false},"featured_media":46586,"comment_status":"closed","ping_status":"closed","template":"","meta":{"_acf_changed":false},"product_brand":[],"product_cat":[1537],"product_tag":[],"class_list":{"0":"post-46233","1":"product","2":"type-product","3":"status-publish","4":"has-post-thumbnail","6":"product_cat-multimoldes","8":"first","9":"instock","10":"taxable","11":"shipping-taxable","12":"purchasable","13":"product-type-simple"},"acf":[],"_links":{"self":[{"href":"https:\/\/www.coquard.fr\/es\/wp-json\/wp\/v2\/product\/46233","targetHints":{"allow":["GET"]}}],"collection":[{"href":"https:\/\/www.coquard.fr\/es\/wp-json\/wp\/v2\/product"}],"about":[{"href":"https:\/\/www.coquard.fr\/es\/wp-json\/wp\/v2\/types\/product"}],"replies":[{"embeddable":true,"href":"https:\/\/www.coquard.fr\/es\/wp-json\/wp\/v2\/comments?post=46233"}],"wp:featuredmedia":[{"embeddable":true,"href":"https:\/\/www.coquard.fr\/es\/wp-json\/wp\/v2\/media\/46586"}],"wp:attachment":[{"href":"https:\/\/www.coquard.fr\/es\/wp-json\/wp\/v2\/media?parent=46233"}],"wp:term":[{"taxonomy":"product_brand","embeddable":true,"href":"https:\/\/www.coquard.fr\/es\/wp-json\/wp\/v2\/product_brand?post=46233"},{"taxonomy":"product_cat","embeddable":true,"href":"https:\/\/www.coquard.fr\/es\/wp-json\/wp\/v2\/product_cat?post=46233"},{"taxonomy":"product_tag","embeddable":true,"href":"https:\/\/www.coquard.fr\/es\/wp-json\/wp\/v2\/product_tag?post=46233"}],"curies":[{"name":"wp","href":"https:\/\/api.w.org\/{rel}","templated":true}]}}