{"id":46230,"date":"2022-11-21T20:05:18","date_gmt":"2022-11-21T19:05:18","guid":{"rendered":"https:\/\/www.coquard.fr\/produit\/bloc-moule-plas-d-82-5x6t-fond"},"modified":"2026-01-08T15:24:40","modified_gmt":"2026-01-08T14:24:40","slug":"bloc-moule-plas-d-82-5x6t-fond","status":"publish","type":"product","link":"https:\/\/www.coquard.fr\/es\/produit\/bloc-moule-plas-d-82-5x6t-fond","title":{"rendered":"MULTIMOLDE CON FONDO 5X6 AGUJEROS DIAMETRO 82 mm"},"content":{"rendered":"<p>Bloque de moldes que permite el moldeo y el volteo de 30 quesos de tipo St-Marcellin. Con fondo y varillas de prensi\u00f3n, 5 x 6 orificios de di\u00e1metro 82 mm. Dimensiones 630 mm x 530 mm, altura 12 mm, perforaci\u00f3n de origen.  Se utiliza con el realce Ref. 060ACA y el distribuidor Ref. 043ADA.<\/p>\n","protected":false},"excerpt":{"rendered":"<p>46230<\/p>\n","protected":false},"featured_media":46589,"comment_status":"closed","ping_status":"closed","template":"","meta":{"_acf_changed":false},"product_brand":[],"product_cat":[1537],"product_tag":[],"class_list":{"0":"post-46230","1":"product","2":"type-product","3":"status-publish","4":"has-post-thumbnail","6":"product_cat-multimoldes","8":"first","9":"instock","10":"taxable","11":"shipping-taxable","12":"purchasable","13":"product-type-simple"},"acf":[],"_links":{"self":[{"href":"https:\/\/www.coquard.fr\/es\/wp-json\/wp\/v2\/product\/46230","targetHints":{"allow":["GET"]}}],"collection":[{"href":"https:\/\/www.coquard.fr\/es\/wp-json\/wp\/v2\/product"}],"about":[{"href":"https:\/\/www.coquard.fr\/es\/wp-json\/wp\/v2\/types\/product"}],"replies":[{"embeddable":true,"href":"https:\/\/www.coquard.fr\/es\/wp-json\/wp\/v2\/comments?post=46230"}],"wp:featuredmedia":[{"embeddable":true,"href":"https:\/\/www.coquard.fr\/es\/wp-json\/wp\/v2\/media\/46589"}],"wp:attachment":[{"href":"https:\/\/www.coquard.fr\/es\/wp-json\/wp\/v2\/media?parent=46230"}],"wp:term":[{"taxonomy":"product_brand","embeddable":true,"href":"https:\/\/www.coquard.fr\/es\/wp-json\/wp\/v2\/product_brand?post=46230"},{"taxonomy":"product_cat","embeddable":true,"href":"https:\/\/www.coquard.fr\/es\/wp-json\/wp\/v2\/product_cat?post=46230"},{"taxonomy":"product_tag","embeddable":true,"href":"https:\/\/www.coquard.fr\/es\/wp-json\/wp\/v2\/product_tag?post=46230"}],"curies":[{"name":"wp","href":"https:\/\/api.w.org\/{rel}","templated":true}]}}