{"id":45567,"date":"2022-10-10T12:32:13","date_gmt":"2022-10-10T10:32:13","guid":{"rendered":"https:\/\/www.coquard.fr\/produit\/echangeur-inox-a-plaques"},"modified":"2026-01-08T14:48:22","modified_gmt":"2026-01-08T13:48:22","slug":"echangeur-inox-a-plaques","status":"publish","type":"product","link":"https:\/\/www.coquard.fr\/es\/produit\/echangeur-inox-a-plaques","title":{"rendered":"INTERCAMBIADOR DE PLACAS DE INOXIDABLE"},"content":{"rendered":"<p>Intercambiador con placa sencilla para el calentamiento o la refrigeraci\u00f3n de la leche, solo ensamblaje con soporte, bombas, v\u00e1lvulas, conexiones y tubo para componer un conjunto de pasteurizaci\u00f3n de leche. Requiere una aportaci\u00f3n de agua caliente a 55-60\u00b0C. Caudal de leche: 500 &#8211; 1000 I\/h. Caudal de leche caliente: 1000 &#8211; 1500 I\/h. Dimensiones del intercambiador solo: 300 mm x 185 mm x alt. 585 mm. Entrada y salida: SMS 25.<\/p>\n","protected":false},"excerpt":{"rendered":"<p>45567<\/p>\n","protected":false},"featured_media":23141,"comment_status":"closed","ping_status":"closed","template":"","meta":{"_acf_changed":false},"product_brand":[],"product_cat":[1520],"product_tag":[],"class_list":{"0":"post-45567","1":"product","2":"type-product","3":"status-publish","4":"has-post-thumbnail","6":"product_cat-calentamiento-de-la-leche","8":"first","9":"onbackorder","10":"taxable","11":"shipping-taxable","12":"purchasable","13":"product-type-simple"},"acf":[],"_links":{"self":[{"href":"https:\/\/www.coquard.fr\/es\/wp-json\/wp\/v2\/product\/45567","targetHints":{"allow":["GET"]}}],"collection":[{"href":"https:\/\/www.coquard.fr\/es\/wp-json\/wp\/v2\/product"}],"about":[{"href":"https:\/\/www.coquard.fr\/es\/wp-json\/wp\/v2\/types\/product"}],"replies":[{"embeddable":true,"href":"https:\/\/www.coquard.fr\/es\/wp-json\/wp\/v2\/comments?post=45567"}],"wp:featuredmedia":[{"embeddable":true,"href":"https:\/\/www.coquard.fr\/es\/wp-json\/wp\/v2\/media\/23141"}],"wp:attachment":[{"href":"https:\/\/www.coquard.fr\/es\/wp-json\/wp\/v2\/media?parent=45567"}],"wp:term":[{"taxonomy":"product_brand","embeddable":true,"href":"https:\/\/www.coquard.fr\/es\/wp-json\/wp\/v2\/product_brand?post=45567"},{"taxonomy":"product_cat","embeddable":true,"href":"https:\/\/www.coquard.fr\/es\/wp-json\/wp\/v2\/product_cat?post=45567"},{"taxonomy":"product_tag","embeddable":true,"href":"https:\/\/www.coquard.fr\/es\/wp-json\/wp\/v2\/product_tag?post=45567"}],"curies":[{"name":"wp","href":"https:\/\/api.w.org\/{rel}","templated":true}]}}