{"id":45487,"date":"2022-01-20T17:53:22","date_gmt":"2022-01-20T16:53:22","guid":{"rendered":"https:\/\/www.coquard.fr\/produit\/filtre-presse-pour-caille-lactique"},"modified":"2026-01-08T15:11:35","modified_gmt":"2026-01-08T14:11:35","slug":"filtre-presse-pour-caille-lactique","status":"publish","type":"product","link":"https:\/\/www.coquard.fr\/es\/produit\/filtre-presse-pour-caille-lactique","title":{"rendered":"FILTRO PRENSA"},"content":{"rendered":"<p>Filtro prensa para 10 sacos de 40 litros para escurrido del  queso blanco batido y escurrido de cuajadas \u00abpreescurridas\u00bb. Capacidad de 100 a 400 litros. Permite trabajar de 3 a 10 bolsillos. Totalmente dise\u00f1ado en acero inoxidable 304. El conjunto incluye el marco de filtraci\u00f3n + 10 bolsillos + una placa de recuperaci\u00f3n de suero + un peine de mantenimientode  los bolsillos abiertos para ayudar al llenado.<br \/>\nAlimentaci\u00f3n neum\u00e1tica para prensado de 1 a 4 bares m\u00e1ximo al final del prensado. Compresor no suministrado.<br \/>\nTama\u00f1o: ancho 800 mm. Longitud con cilindro en su lugar 1850 mm. Longitud sin cilindro para transporte: 1350 mm.<\/p>\n","protected":false},"excerpt":{"rendered":"<p>45487<\/p>\n","protected":false},"featured_media":23939,"comment_status":"closed","ping_status":"closed","template":"","meta":{"_acf_changed":false},"product_brand":[],"product_cat":[1519],"product_tag":[],"class_list":{"0":"post-45487","1":"product","2":"type-product","3":"status-publish","4":"has-post-thumbnail","6":"product_cat-prensas-pinchadoras-salmuera-para-queso","8":"first","9":"onbackorder","10":"taxable","11":"shipping-taxable","12":"purchasable","13":"product-type-simple"},"acf":[],"_links":{"self":[{"href":"https:\/\/www.coquard.fr\/es\/wp-json\/wp\/v2\/product\/45487","targetHints":{"allow":["GET"]}}],"collection":[{"href":"https:\/\/www.coquard.fr\/es\/wp-json\/wp\/v2\/product"}],"about":[{"href":"https:\/\/www.coquard.fr\/es\/wp-json\/wp\/v2\/types\/product"}],"replies":[{"embeddable":true,"href":"https:\/\/www.coquard.fr\/es\/wp-json\/wp\/v2\/comments?post=45487"}],"wp:featuredmedia":[{"embeddable":true,"href":"https:\/\/www.coquard.fr\/es\/wp-json\/wp\/v2\/media\/23939"}],"wp:attachment":[{"href":"https:\/\/www.coquard.fr\/es\/wp-json\/wp\/v2\/media?parent=45487"}],"wp:term":[{"taxonomy":"product_brand","embeddable":true,"href":"https:\/\/www.coquard.fr\/es\/wp-json\/wp\/v2\/product_brand?post=45487"},{"taxonomy":"product_cat","embeddable":true,"href":"https:\/\/www.coquard.fr\/es\/wp-json\/wp\/v2\/product_cat?post=45487"},{"taxonomy":"product_tag","embeddable":true,"href":"https:\/\/www.coquard.fr\/es\/wp-json\/wp\/v2\/product_tag?post=45487"}],"curies":[{"name":"wp","href":"https:\/\/api.w.org\/{rel}","templated":true}]}}