{"id":45356,"date":"2022-02-15T22:03:10","date_gmt":"2022-02-15T21:03:10","guid":{"rendered":"https:\/\/www.coquard.fr\/produit\/conditionneuse-axia-1800-automatique"},"modified":"2025-11-14T20:15:01","modified_gmt":"2025-11-14T19:15:01","slug":"conditionneuse-axia-1800-automatique","status":"publish","type":"product","link":"https:\/\/www.coquard.fr\/es\/produit\/conditionneuse-axia-1800-automatique","title":{"rendered":"CONDICIONADORA"},"content":{"rendered":"<p>Envasadora autom\u00e1tica AXIA 1800 tarros\/hora sobre estructura de acero inoxidable sobre pies asegurando las funciones de: Desapilado de tarros (125ml, di\u00e1metro 68 mm de serie), Dosificaci\u00f3n de productos l\u00edquidos o pastosos con o sin trozos con tolva de 25 litros con llenado manual. Posibilidad de dosificar m\u00e1s de 125 ml bajando la velocidad de la m\u00e1quina. Sellado t\u00e9rmico de una tapa precortada. Marcado por tamp\u00f3n de tinta. Evacuaci\u00f3n de la olla hacia el exterior de la m\u00e1quina. Esta m\u00e1quina incluye un panel de control t\u00e1ctil y un m\u00f3dulo de recetas. Es escalable a 3000 potes\/hora. Se incluye un kit de piezas de repuesto peque\u00f1as. Este equipo tiene una garant\u00eda de 12 meses por parte del fabricante, a partir de la fecha de entrega. La mano de obra y los eventuales gastos de viaje para las intervenciones no est\u00e1n incluidos en la garant\u00eda.<br \/>\nUna red Wi-Fi debe estar presente en el taller para conectar el acondicionador a Internet, Estepermite el control remoto del mismo. Nuestras ofertas pueden incluir puesta en marcha y formaci\u00f3n en sus instalaciones, en Francia y en otros paises. M\u00e1quina que funciona con energ\u00eda neum\u00e1tica (proporcionar compresor 30 Nm3\/h a 6 bares) y electricidad (230 Voltios monof\u00e1sica o 400 Voltios trif\u00e1sica con neutro).<br \/>\nMuchas opciones en cotizaci\u00f3n. Cons\u00faltenos.<\/p>\n","protected":false},"excerpt":{"rendered":"<p>45356<\/p>\n","protected":false},"featured_media":40395,"comment_status":"closed","ping_status":"closed","template":"","meta":{"_acf_changed":false},"product_brand":[],"product_cat":[1286],"product_tag":[],"class_list":{"0":"post-45356","1":"product","2":"type-product","3":"status-publish","4":"has-post-thumbnail","6":"product_cat-non-classe","8":"first","9":"onbackorder","10":"taxable","11":"shipping-taxable","12":"purchasable","13":"product-type-simple"},"acf":[],"_links":{"self":[{"href":"https:\/\/www.coquard.fr\/es\/wp-json\/wp\/v2\/product\/45356","targetHints":{"allow":["GET"]}}],"collection":[{"href":"https:\/\/www.coquard.fr\/es\/wp-json\/wp\/v2\/product"}],"about":[{"href":"https:\/\/www.coquard.fr\/es\/wp-json\/wp\/v2\/types\/product"}],"replies":[{"embeddable":true,"href":"https:\/\/www.coquard.fr\/es\/wp-json\/wp\/v2\/comments?post=45356"}],"wp:featuredmedia":[{"embeddable":true,"href":"https:\/\/www.coquard.fr\/es\/wp-json\/wp\/v2\/media\/40395"}],"wp:attachment":[{"href":"https:\/\/www.coquard.fr\/es\/wp-json\/wp\/v2\/media?parent=45356"}],"wp:term":[{"taxonomy":"product_brand","embeddable":true,"href":"https:\/\/www.coquard.fr\/es\/wp-json\/wp\/v2\/product_brand?post=45356"},{"taxonomy":"product_cat","embeddable":true,"href":"https:\/\/www.coquard.fr\/es\/wp-json\/wp\/v2\/product_cat?post=45356"},{"taxonomy":"product_tag","embeddable":true,"href":"https:\/\/www.coquard.fr\/es\/wp-json\/wp\/v2\/product_tag?post=45356"}],"curies":[{"name":"wp","href":"https:\/\/api.w.org\/{rel}","templated":true}]}}