{"id":45314,"date":"2022-09-27T09:28:32","date_gmt":"2022-09-27T07:28:32","guid":{"rendered":"https:\/\/www.coquard.fr\/produit\/arome-naturel-de-noix-de-coco-bouteille-de-1-kg"},"modified":"2026-01-08T14:38:22","modified_gmt":"2026-01-08T13:38:22","slug":"arome-naturel-de-noix-de-coco-bouteille-de-1-kg","status":"publish","type":"product","link":"https:\/\/www.coquard.fr\/es\/produit\/arome-naturel-de-noix-de-coco-bouteille-de-1-kg","title":{"rendered":"AROMA NATURAL DE NUEZ DE COCO BOTELLA DE 1 KG"},"content":{"rendered":"<p>Aroma natural de coco destinado a la elaboraci\u00f3n de yogures aromatizados. M\u00e1s del 95 % de la parte aromatizante procede del coco. Dosificaci\u00f3n de 0,8 % a 1,0 % seg\u00fan el porcentaje de az\u00facar. Envasado en botella de 1 kg. Precio por kg. Tarifa decreciente a partir de 6 kg.<\/p>\n","protected":false},"excerpt":{"rendered":"<p>45314<\/p>\n","protected":false},"featured_media":45317,"comment_status":"closed","ping_status":"closed","template":"","meta":{"_acf_changed":false},"product_brand":[],"product_cat":[1460],"product_tag":[],"class_list":{"0":"post-45314","1":"product","2":"type-product","3":"status-publish","4":"has-post-thumbnail","6":"product_cat-aromas-naturales","8":"first","9":"instock","10":"taxable","11":"shipping-taxable","12":"purchasable","13":"product-type-simple"},"acf":[],"_links":{"self":[{"href":"https:\/\/www.coquard.fr\/es\/wp-json\/wp\/v2\/product\/45314","targetHints":{"allow":["GET"]}}],"collection":[{"href":"https:\/\/www.coquard.fr\/es\/wp-json\/wp\/v2\/product"}],"about":[{"href":"https:\/\/www.coquard.fr\/es\/wp-json\/wp\/v2\/types\/product"}],"replies":[{"embeddable":true,"href":"https:\/\/www.coquard.fr\/es\/wp-json\/wp\/v2\/comments?post=45314"}],"wp:featuredmedia":[{"embeddable":true,"href":"https:\/\/www.coquard.fr\/es\/wp-json\/wp\/v2\/media\/45317"}],"wp:attachment":[{"href":"https:\/\/www.coquard.fr\/es\/wp-json\/wp\/v2\/media?parent=45314"}],"wp:term":[{"taxonomy":"product_brand","embeddable":true,"href":"https:\/\/www.coquard.fr\/es\/wp-json\/wp\/v2\/product_brand?post=45314"},{"taxonomy":"product_cat","embeddable":true,"href":"https:\/\/www.coquard.fr\/es\/wp-json\/wp\/v2\/product_cat?post=45314"},{"taxonomy":"product_tag","embeddable":true,"href":"https:\/\/www.coquard.fr\/es\/wp-json\/wp\/v2\/product_tag?post=45314"}],"curies":[{"name":"wp","href":"https:\/\/api.w.org\/{rel}","templated":true}]}}