{"id":45270,"date":"2021-08-10T23:03:52","date_gmt":"2021-08-10T21:03:52","guid":{"rendered":"https:\/\/www.coquard.fr\/produit\/cellule-etuv-refroid-1-4mx2-2m-sans-sol"},"modified":"2026-01-08T14:56:42","modified_gmt":"2026-01-08T13:56:42","slug":"cellule-etuv-refroid-1-4mx2-2m-sans-sol","status":"publish","type":"product","link":"https:\/\/www.coquard.fr\/es\/produit\/cellule-etuv-refroid-1-4mx2-2m-sans-sol","title":{"rendered":"CELULA 1 x 2 PARA ESTUFA Y ENFRIAMIENTO"},"content":{"rendered":"<p>Permite el estufado y la coagulaci\u00f3n de la leche para la elaboraci\u00f3n de yogures. La c\u00e9lula puede contener hasta 4 pilas de 14 cajas, es decir 2.250 tarros de 125 ml, el equivalente de 300 litros de leche. Varias utilizaciones posibles: fermentaci\u00f3n sola con una rampa de calefacci\u00f3n y ventilaci\u00f3n vendida por separado (Ref. 053LAA). Refrigeraci\u00f3n sola con un grupo fr\u00edo vendido por separado (Ref. 038AFB o 038AFC). Fermentaci\u00f3n y refrigeraci\u00f3n con una rampa de calefacci\u00f3n y ventilaci\u00f3n (Ref. 053LAA) y un grupo fr\u00edo (Ref. 038AFB o 038AFC) vendidos por separado. La c\u00e9lula se entrega en kit. Dimensiones interiores: 1.120 mm x 2.260 mm x altura: 1.900 mm, es decir 4,8 m\u00b3.<\/p>\n","protected":false},"excerpt":{"rendered":"<p>45270<\/p>\n","protected":false},"featured_media":42592,"comment_status":"closed","ping_status":"closed","template":"","meta":{"_acf_changed":false},"product_brand":[],"product_cat":[1505],"product_tag":[],"class_list":{"0":"post-45270","1":"product","2":"type-product","3":"status-publish","4":"has-post-thumbnail","6":"product_cat-estufa","8":"first","9":"onbackorder","10":"taxable","11":"shipping-taxable","12":"purchasable","13":"product-type-simple"},"acf":[],"_links":{"self":[{"href":"https:\/\/www.coquard.fr\/es\/wp-json\/wp\/v2\/product\/45270","targetHints":{"allow":["GET"]}}],"collection":[{"href":"https:\/\/www.coquard.fr\/es\/wp-json\/wp\/v2\/product"}],"about":[{"href":"https:\/\/www.coquard.fr\/es\/wp-json\/wp\/v2\/types\/product"}],"replies":[{"embeddable":true,"href":"https:\/\/www.coquard.fr\/es\/wp-json\/wp\/v2\/comments?post=45270"}],"wp:featuredmedia":[{"embeddable":true,"href":"https:\/\/www.coquard.fr\/es\/wp-json\/wp\/v2\/media\/42592"}],"wp:attachment":[{"href":"https:\/\/www.coquard.fr\/es\/wp-json\/wp\/v2\/media?parent=45270"}],"wp:term":[{"taxonomy":"product_brand","embeddable":true,"href":"https:\/\/www.coquard.fr\/es\/wp-json\/wp\/v2\/product_brand?post=45270"},{"taxonomy":"product_cat","embeddable":true,"href":"https:\/\/www.coquard.fr\/es\/wp-json\/wp\/v2\/product_cat?post=45270"},{"taxonomy":"product_tag","embeddable":true,"href":"https:\/\/www.coquard.fr\/es\/wp-json\/wp\/v2\/product_tag?post=45270"}],"curies":[{"name":"wp","href":"https:\/\/api.w.org\/{rel}","templated":true}]}}