{"id":45040,"date":"2021-06-28T16:16:12","date_gmt":"2021-06-28T14:16:12","guid":{"rendered":"https:\/\/www.coquard.fr\/produit\/casquette-homme-blanche-taille-unique"},"modified":"2026-01-08T15:41:54","modified_gmt":"2026-01-08T14:41:54","slug":"casquette-homme-blanche-taille-unique","status":"publish","type":"product","link":"https:\/\/www.coquard.fr\/es\/produit\/casquette-homme-blanche-taille-unique","title":{"rendered":"GORRA HOMBRE BLANCA TALLA UNICA"},"content":{"rendered":"<p>Gorra protectora blanca. Material 65% poli\u00e9ster 35% algod\u00f3n. Talla \u00fanica. Incluye un cord\u00f3n para ajustar el tama\u00f1o.<\/p>\n","protected":false},"excerpt":{"rendered":"<p>45040<\/p>\n","protected":false},"featured_media":22001,"comment_status":"closed","ping_status":"closed","template":"","meta":{"_acf_changed":false},"product_brand":[],"product_cat":[1590],"product_tag":[],"class_list":{"0":"post-45040","1":"product","2":"type-product","3":"status-publish","4":"has-post-thumbnail","6":"product_cat-ropas-de-trabajo","8":"first","9":"instock","10":"taxable","11":"shipping-taxable","12":"purchasable","13":"product-type-simple"},"acf":[],"_links":{"self":[{"href":"https:\/\/www.coquard.fr\/es\/wp-json\/wp\/v2\/product\/45040","targetHints":{"allow":["GET"]}}],"collection":[{"href":"https:\/\/www.coquard.fr\/es\/wp-json\/wp\/v2\/product"}],"about":[{"href":"https:\/\/www.coquard.fr\/es\/wp-json\/wp\/v2\/types\/product"}],"replies":[{"embeddable":true,"href":"https:\/\/www.coquard.fr\/es\/wp-json\/wp\/v2\/comments?post=45040"}],"wp:featuredmedia":[{"embeddable":true,"href":"https:\/\/www.coquard.fr\/es\/wp-json\/wp\/v2\/media\/22001"}],"wp:attachment":[{"href":"https:\/\/www.coquard.fr\/es\/wp-json\/wp\/v2\/media?parent=45040"}],"wp:term":[{"taxonomy":"product_brand","embeddable":true,"href":"https:\/\/www.coquard.fr\/es\/wp-json\/wp\/v2\/product_brand?post=45040"},{"taxonomy":"product_cat","embeddable":true,"href":"https:\/\/www.coquard.fr\/es\/wp-json\/wp\/v2\/product_cat?post=45040"},{"taxonomy":"product_tag","embeddable":true,"href":"https:\/\/www.coquard.fr\/es\/wp-json\/wp\/v2\/product_tag?post=45040"}],"curies":[{"name":"wp","href":"https:\/\/api.w.org\/{rel}","templated":true}]}}