{"id":45031,"date":"2021-06-28T16:17:46","date_gmt":"2021-06-28T14:17:46","guid":{"rendered":"https:\/\/www.coquard.fr\/produit\/opercule-alu-chevre-diametre-68mm"},"modified":"2026-01-08T16:04:59","modified_gmt":"2026-01-08T15:04:59","slug":"opercule-alu-chevre-diametre-68mm","status":"publish","type":"product","link":"https:\/\/www.coquard.fr\/es\/produit\/opercule-alu-chevre-diametre-68mm","title":{"rendered":"OPERCULO ALU CABRA Dimensi\u00f3n : 68 mm"},"content":{"rendered":"<p>Op\u00e9rculo imprimido en aluminio con foto de cabeza de cabra para yogur de leche de cabra, para envase de pl\u00e1stico de poliestireno y de polipropileno. Dimensi\u00f3n: 68 mm. Bl\u00edster de 2000. Precio por 1000 op\u00e9rculos.<\/p>\n","protected":false},"excerpt":{"rendered":"<p>45031<\/p>\n","protected":false},"featured_media":41690,"comment_status":"closed","ping_status":"closed","template":"","meta":{"_acf_changed":false},"product_brand":[],"product_cat":[1577],"product_tag":[],"class_list":{"0":"post-45031","1":"product","2":"type-product","3":"status-publish","4":"has-post-thumbnail","6":"product_cat-operculos","8":"first","9":"instock","10":"taxable","11":"shipping-taxable","12":"purchasable","13":"product-type-simple"},"acf":[],"_links":{"self":[{"href":"https:\/\/www.coquard.fr\/es\/wp-json\/wp\/v2\/product\/45031","targetHints":{"allow":["GET"]}}],"collection":[{"href":"https:\/\/www.coquard.fr\/es\/wp-json\/wp\/v2\/product"}],"about":[{"href":"https:\/\/www.coquard.fr\/es\/wp-json\/wp\/v2\/types\/product"}],"replies":[{"embeddable":true,"href":"https:\/\/www.coquard.fr\/es\/wp-json\/wp\/v2\/comments?post=45031"}],"wp:featuredmedia":[{"embeddable":true,"href":"https:\/\/www.coquard.fr\/es\/wp-json\/wp\/v2\/media\/41690"}],"wp:attachment":[{"href":"https:\/\/www.coquard.fr\/es\/wp-json\/wp\/v2\/media?parent=45031"}],"wp:term":[{"taxonomy":"product_brand","embeddable":true,"href":"https:\/\/www.coquard.fr\/es\/wp-json\/wp\/v2\/product_brand?post=45031"},{"taxonomy":"product_cat","embeddable":true,"href":"https:\/\/www.coquard.fr\/es\/wp-json\/wp\/v2\/product_cat?post=45031"},{"taxonomy":"product_tag","embeddable":true,"href":"https:\/\/www.coquard.fr\/es\/wp-json\/wp\/v2\/product_tag?post=45031"}],"curies":[{"name":"wp","href":"https:\/\/api.w.org\/{rel}","templated":true}]}}