{"id":44748,"date":"2022-08-26T13:51:14","date_gmt":"2022-08-26T11:51:14","guid":{"rendered":"https:\/\/www.coquard.fr\/produit\/arome-naturel-de-cassis-bouteille-de-1-kg"},"modified":"2026-02-11T16:10:00","modified_gmt":"2026-02-11T15:10:00","slug":"arome-naturel-de-cassis-bouteille-de-1-kg","status":"publish","type":"product","link":"https:\/\/www.coquard.fr\/es\/produit\/arome-naturel-de-cassis-bouteille-de-1-kg","title":{"rendered":"AROMA NATURAL DE GROSELLA NEGRA \u2013 BIDON DE 1 kg"},"content":{"rendered":"<p>Aroma natural de grosella negra destinado a la elaboraci\u00f3n de yogures aromatizados. M\u00e1s del 95 % de la parte aromatizante procede de la grosella negra. Dosificaci\u00f3n de 0,6 % a 0,8 % seg\u00fan el porcentaje de az\u00facar. Envasado en botella de 1 kg. Precio por kg. Tarifa decreciente a partir de 6 kg.<\/p>\n","protected":false},"excerpt":{"rendered":"<p>44748<\/p>\n","protected":false},"featured_media":74911,"comment_status":"closed","ping_status":"closed","template":"","meta":{"_acf_changed":false},"product_brand":[],"product_cat":[1638,1460],"product_tag":[],"class_list":{"0":"post-44748","1":"product","2":"type-product","3":"status-publish","4":"has-post-thumbnail","6":"product_cat-destockage-es","7":"product_cat-aromas-naturales","9":"first","10":"instock","11":"sale","12":"taxable","13":"shipping-taxable","14":"purchasable","15":"product-type-simple"},"acf":[],"_links":{"self":[{"href":"https:\/\/www.coquard.fr\/es\/wp-json\/wp\/v2\/product\/44748","targetHints":{"allow":["GET"]}}],"collection":[{"href":"https:\/\/www.coquard.fr\/es\/wp-json\/wp\/v2\/product"}],"about":[{"href":"https:\/\/www.coquard.fr\/es\/wp-json\/wp\/v2\/types\/product"}],"replies":[{"embeddable":true,"href":"https:\/\/www.coquard.fr\/es\/wp-json\/wp\/v2\/comments?post=44748"}],"wp:featuredmedia":[{"embeddable":true,"href":"https:\/\/www.coquard.fr\/es\/wp-json\/wp\/v2\/media\/74911"}],"wp:attachment":[{"href":"https:\/\/www.coquard.fr\/es\/wp-json\/wp\/v2\/media?parent=44748"}],"wp:term":[{"taxonomy":"product_brand","embeddable":true,"href":"https:\/\/www.coquard.fr\/es\/wp-json\/wp\/v2\/product_brand?post=44748"},{"taxonomy":"product_cat","embeddable":true,"href":"https:\/\/www.coquard.fr\/es\/wp-json\/wp\/v2\/product_cat?post=44748"},{"taxonomy":"product_tag","embeddable":true,"href":"https:\/\/www.coquard.fr\/es\/wp-json\/wp\/v2\/product_tag?post=44748"}],"curies":[{"name":"wp","href":"https:\/\/api.w.org\/{rel}","templated":true}]}}