{"id":44715,"date":"2022-08-25T15:16:39","date_gmt":"2022-08-25T13:16:39","guid":{"rendered":"https:\/\/www.coquard.fr\/produit\/baso-ac-400-from-detartrant-detergent-acide"},"modified":"2026-01-30T13:54:02","modified_gmt":"2026-01-30T12:54:02","slug":"baso-ac-400-from-detartrant-detergent-acide","status":"publish","type":"product","link":"https:\/\/www.coquard.fr\/es\/produit\/baso-ac-400-from-detartrant-detergent-acide","title":{"rendered":"BASO AC 400 FROM DETERGENTE ANTICAL \u00c1CIDO"},"content":{"rendered":"<p>Detergente antical \u00e1cido l\u00edquido. Uso: en remojo (lavado manual) o circulaci\u00f3n o aspersi\u00f3n. Limpieza de cualquier material de acero inoxidable y peque\u00f1o material de queser\u00eda (encellas, barre\u00f1os y cubos) a una temperatura comprendida entre 50 y 65 \u00b0C. Dise\u00f1ado para el lavado en armario, bater\u00eda y t\u00fanel. Bid\u00f3n de 26 kg. Precio al kg.<\/p>\n","protected":false},"excerpt":{"rendered":"<p>44715<\/p>\n","protected":false},"featured_media":44718,"comment_status":"closed","ping_status":"closed","template":"","meta":{"_acf_changed":false},"product_brand":[],"product_cat":[1592],"product_tag":[],"class_list":{"0":"post-44715","1":"product","2":"type-product","3":"status-publish","4":"has-post-thumbnail","6":"product_cat-productos-de-limpieza-y-higiene","8":"first","9":"instock","10":"taxable","11":"shipping-taxable","12":"purchasable","13":"product-type-simple"},"acf":[],"_links":{"self":[{"href":"https:\/\/www.coquard.fr\/es\/wp-json\/wp\/v2\/product\/44715","targetHints":{"allow":["GET"]}}],"collection":[{"href":"https:\/\/www.coquard.fr\/es\/wp-json\/wp\/v2\/product"}],"about":[{"href":"https:\/\/www.coquard.fr\/es\/wp-json\/wp\/v2\/types\/product"}],"replies":[{"embeddable":true,"href":"https:\/\/www.coquard.fr\/es\/wp-json\/wp\/v2\/comments?post=44715"}],"wp:featuredmedia":[{"embeddable":true,"href":"https:\/\/www.coquard.fr\/es\/wp-json\/wp\/v2\/media\/44718"}],"wp:attachment":[{"href":"https:\/\/www.coquard.fr\/es\/wp-json\/wp\/v2\/media?parent=44715"}],"wp:term":[{"taxonomy":"product_brand","embeddable":true,"href":"https:\/\/www.coquard.fr\/es\/wp-json\/wp\/v2\/product_brand?post=44715"},{"taxonomy":"product_cat","embeddable":true,"href":"https:\/\/www.coquard.fr\/es\/wp-json\/wp\/v2\/product_cat?post=44715"},{"taxonomy":"product_tag","embeddable":true,"href":"https:\/\/www.coquard.fr\/es\/wp-json\/wp\/v2\/product_tag?post=44715"}],"curies":[{"name":"wp","href":"https:\/\/api.w.org\/{rel}","templated":true}]}}