{"id":44688,"date":"2020-07-17T11:11:13","date_gmt":"2020-07-17T09:11:13","guid":{"rendered":"https:\/\/www.coquard.fr\/produit\/arvo-21-sr-4-5-kg-prix-au-kg"},"modified":"2026-01-30T13:53:41","modified_gmt":"2026-01-30T12:53:41","slug":"arvo-21-sr-4-5-kg-prix-au-kg","status":"publish","type":"product","link":"https:\/\/www.coquard.fr\/es\/produit\/arvo-21-sr-4-5-kg-prix-au-kg","title":{"rendered":"ARVO 21 SR DESINFECTANTE CON ALCOHOL"},"content":{"rendered":"<p>Desinfectante de superficies con alcohol bactericida l\u00edquido de secado r\u00e1pido. Uso: puro por aspersi\u00f3n, remojo o cepillado. Aclarado facultativo. Bid\u00f3n de 4,5 kg. Precio al kg.<\/p>\n","protected":false},"excerpt":{"rendered":"<p>44688<\/p>\n","protected":false},"featured_media":21512,"comment_status":"closed","ping_status":"closed","template":"","meta":{"_acf_changed":false},"product_brand":[],"product_cat":[1592],"product_tag":[],"class_list":{"0":"post-44688","1":"product","2":"type-product","3":"status-publish","4":"has-post-thumbnail","6":"product_cat-productos-de-limpieza-y-higiene","8":"first","9":"instock","10":"taxable","11":"shipping-taxable","12":"purchasable","13":"product-type-simple"},"acf":[],"_links":{"self":[{"href":"https:\/\/www.coquard.fr\/es\/wp-json\/wp\/v2\/product\/44688","targetHints":{"allow":["GET"]}}],"collection":[{"href":"https:\/\/www.coquard.fr\/es\/wp-json\/wp\/v2\/product"}],"about":[{"href":"https:\/\/www.coquard.fr\/es\/wp-json\/wp\/v2\/types\/product"}],"replies":[{"embeddable":true,"href":"https:\/\/www.coquard.fr\/es\/wp-json\/wp\/v2\/comments?post=44688"}],"wp:featuredmedia":[{"embeddable":true,"href":"https:\/\/www.coquard.fr\/es\/wp-json\/wp\/v2\/media\/21512"}],"wp:attachment":[{"href":"https:\/\/www.coquard.fr\/es\/wp-json\/wp\/v2\/media?parent=44688"}],"wp:term":[{"taxonomy":"product_brand","embeddable":true,"href":"https:\/\/www.coquard.fr\/es\/wp-json\/wp\/v2\/product_brand?post=44688"},{"taxonomy":"product_cat","embeddable":true,"href":"https:\/\/www.coquard.fr\/es\/wp-json\/wp\/v2\/product_cat?post=44688"},{"taxonomy":"product_tag","embeddable":true,"href":"https:\/\/www.coquard.fr\/es\/wp-json\/wp\/v2\/product_tag?post=44688"}],"curies":[{"name":"wp","href":"https:\/\/api.w.org\/{rel}","templated":true}]}}