{"id":44680,"date":"2020-07-17T10:41:20","date_gmt":"2020-07-17T08:41:20","guid":{"rendered":"https:\/\/www.coquard.fr\/produit\/drapeau-inox-pour-bac-200l"},"modified":"2026-04-26T00:20:04","modified_gmt":"2026-04-25T22:20:04","slug":"drapeau-inox-pour-bac-200l","status":"publish","type":"product","link":"https:\/\/www.coquard.fr\/es\/produit\/drapeau-inox-pour-bac-200l","title":{"rendered":"PLACA DE INOXIDABLE ANCHURA PARA CUBA 200 L"},"content":{"rendered":"<p>Circulador que permite calentar o enfriar la leche mediante circulaci\u00f3n de un l\u00edquido caliente o fr\u00edo.  Profundidad: 430 mm, longitud: 800 mm. Adaptado a la tina 200 litros referencia 039DAB o 039DCA. En acero inoxidable 304, acabado pulido. Tubos de entrada y salida del fluido acodadas en racores de gas 15\/21mm.<\/p>\n","protected":false},"excerpt":{"rendered":"<p>44680<\/p>\n","protected":false},"featured_media":35423,"comment_status":"closed","ping_status":"closed","template":"","meta":{"_acf_changed":false},"product_brand":[],"product_cat":[1520],"product_tag":[],"class_list":{"0":"post-44680","1":"product","2":"type-product","3":"status-publish","4":"has-post-thumbnail","6":"product_cat-calentamiento-de-la-leche","8":"first","9":"instock","10":"taxable","11":"shipping-taxable","12":"purchasable","13":"product-type-simple"},"acf":[],"_links":{"self":[{"href":"https:\/\/www.coquard.fr\/es\/wp-json\/wp\/v2\/product\/44680","targetHints":{"allow":["GET"]}}],"collection":[{"href":"https:\/\/www.coquard.fr\/es\/wp-json\/wp\/v2\/product"}],"about":[{"href":"https:\/\/www.coquard.fr\/es\/wp-json\/wp\/v2\/types\/product"}],"replies":[{"embeddable":true,"href":"https:\/\/www.coquard.fr\/es\/wp-json\/wp\/v2\/comments?post=44680"}],"wp:featuredmedia":[{"embeddable":true,"href":"https:\/\/www.coquard.fr\/es\/wp-json\/wp\/v2\/media\/35423"}],"wp:attachment":[{"href":"https:\/\/www.coquard.fr\/es\/wp-json\/wp\/v2\/media?parent=44680"}],"wp:term":[{"taxonomy":"product_brand","embeddable":true,"href":"https:\/\/www.coquard.fr\/es\/wp-json\/wp\/v2\/product_brand?post=44680"},{"taxonomy":"product_cat","embeddable":true,"href":"https:\/\/www.coquard.fr\/es\/wp-json\/wp\/v2\/product_cat?post=44680"},{"taxonomy":"product_tag","embeddable":true,"href":"https:\/\/www.coquard.fr\/es\/wp-json\/wp\/v2\/product_tag?post=44680"}],"curies":[{"name":"wp","href":"https:\/\/api.w.org\/{rel}","templated":true}]}}