{"id":44312,"date":"2022-01-17T22:05:15","date_gmt":"2022-01-17T21:05:15","guid":{"rendered":"https:\/\/www.coquard.fr\/produit\/vanne-papillon-sms-25"},"modified":"2026-01-30T13:10:40","modified_gmt":"2026-01-30T12:10:40","slug":"vanne-papillon-sms-25","status":"publish","type":"product","link":"https:\/\/www.coquard.fr\/es\/produit\/vanne-papillon-sms-25","title":{"rendered":"V\u00c1LVULA DE MARIPOSA SMS 25"},"content":{"rendered":"<p>V\u00e1lvula de mariposa de acero inoxidable. SMS 25 macho- v\u00e1lvula 25\u2013 SMS 25 hembra.<\/p>\n","protected":false},"excerpt":{"rendered":"<p>44312<\/p>\n","protected":false},"featured_media":23174,"comment_status":"closed","ping_status":"closed","template":"","meta":{"_acf_changed":false},"product_brand":[],"product_cat":[1516],"product_tag":[],"class_list":{"0":"post-44312","1":"product","2":"type-product","3":"status-publish","4":"has-post-thumbnail","6":"product_cat-bombas-conexiones-y-mangueras","8":"first","9":"instock","10":"taxable","11":"shipping-taxable","12":"purchasable","13":"product-type-simple"},"acf":[],"_links":{"self":[{"href":"https:\/\/www.coquard.fr\/es\/wp-json\/wp\/v2\/product\/44312","targetHints":{"allow":["GET"]}}],"collection":[{"href":"https:\/\/www.coquard.fr\/es\/wp-json\/wp\/v2\/product"}],"about":[{"href":"https:\/\/www.coquard.fr\/es\/wp-json\/wp\/v2\/types\/product"}],"replies":[{"embeddable":true,"href":"https:\/\/www.coquard.fr\/es\/wp-json\/wp\/v2\/comments?post=44312"}],"wp:featuredmedia":[{"embeddable":true,"href":"https:\/\/www.coquard.fr\/es\/wp-json\/wp\/v2\/media\/23174"}],"wp:attachment":[{"href":"https:\/\/www.coquard.fr\/es\/wp-json\/wp\/v2\/media?parent=44312"}],"wp:term":[{"taxonomy":"product_brand","embeddable":true,"href":"https:\/\/www.coquard.fr\/es\/wp-json\/wp\/v2\/product_brand?post=44312"},{"taxonomy":"product_cat","embeddable":true,"href":"https:\/\/www.coquard.fr\/es\/wp-json\/wp\/v2\/product_cat?post=44312"},{"taxonomy":"product_tag","embeddable":true,"href":"https:\/\/www.coquard.fr\/es\/wp-json\/wp\/v2\/product_tag?post=44312"}],"curies":[{"name":"wp","href":"https:\/\/api.w.org\/{rel}","templated":true}]}}