{"id":44308,"date":"2022-01-17T22:05:03","date_gmt":"2022-01-17T21:05:03","guid":{"rendered":"https:\/\/www.coquard.fr\/produit\/vanne-ouverture-totale-sms-diametre-51"},"modified":"2026-01-08T14:49:26","modified_gmt":"2026-01-08T13:49:26","slug":"vanne-ouverture-totale-sms-diametre-51","status":"publish","type":"product","link":"https:\/\/www.coquard.fr\/es\/produit\/vanne-ouverture-totale-sms-diametre-51","title":{"rendered":"V\u00c1LVULA DE PASO INTEGRAL SMS DI\u00c1METRO 51"},"content":{"rendered":"<p>V\u00e1lvula de paso integral de acero inoxidable. Macho SMS 51 mm \u2013 v\u00e1lvula de bola 51 mm \u2013 hembra 51 mm.<\/p>\n","protected":false},"excerpt":{"rendered":"<p>44308<\/p>\n","protected":false},"featured_media":23747,"comment_status":"closed","ping_status":"closed","template":"","meta":{"_acf_changed":false},"product_brand":[],"product_cat":[1516],"product_tag":[],"class_list":{"0":"post-44308","1":"product","2":"type-product","3":"status-publish","4":"has-post-thumbnail","6":"product_cat-bombas-conexiones-y-mangueras","8":"first","9":"instock","10":"taxable","11":"shipping-taxable","12":"purchasable","13":"product-type-simple"},"acf":[],"_links":{"self":[{"href":"https:\/\/www.coquard.fr\/es\/wp-json\/wp\/v2\/product\/44308","targetHints":{"allow":["GET"]}}],"collection":[{"href":"https:\/\/www.coquard.fr\/es\/wp-json\/wp\/v2\/product"}],"about":[{"href":"https:\/\/www.coquard.fr\/es\/wp-json\/wp\/v2\/types\/product"}],"replies":[{"embeddable":true,"href":"https:\/\/www.coquard.fr\/es\/wp-json\/wp\/v2\/comments?post=44308"}],"wp:featuredmedia":[{"embeddable":true,"href":"https:\/\/www.coquard.fr\/es\/wp-json\/wp\/v2\/media\/23747"}],"wp:attachment":[{"href":"https:\/\/www.coquard.fr\/es\/wp-json\/wp\/v2\/media?parent=44308"}],"wp:term":[{"taxonomy":"product_brand","embeddable":true,"href":"https:\/\/www.coquard.fr\/es\/wp-json\/wp\/v2\/product_brand?post=44308"},{"taxonomy":"product_cat","embeddable":true,"href":"https:\/\/www.coquard.fr\/es\/wp-json\/wp\/v2\/product_cat?post=44308"},{"taxonomy":"product_tag","embeddable":true,"href":"https:\/\/www.coquard.fr\/es\/wp-json\/wp\/v2\/product_tag?post=44308"}],"curies":[{"name":"wp","href":"https:\/\/api.w.org\/{rel}","templated":true}]}}