{"id":44306,"date":"2022-01-19T16:30:53","date_gmt":"2022-01-19T15:30:53","guid":{"rendered":"https:\/\/www.coquard.fr\/produit\/support-pasto-20l-avec-potence-et-agitation"},"modified":"2026-04-11T22:47:05","modified_gmt":"2026-04-11T20:47:05","slug":"support-pasto-20l-avec-potence-et-agitation","status":"publish","type":"product","link":"https:\/\/www.coquard.fr\/es\/produit\/support-pasto-20l-avec-potence-et-agitation","title":{"rendered":"POTENCE D&#8217;AGITATION ET SUPPORT POUR PASTO 20L"},"content":{"rendered":"<p>Support et potence d&#8217;agitation pour pasteurisateur 20 litres \u00e0 bain-marie pour yaourt, cr\u00e8mes desserts, lait pasteuris\u00e9. Agitation motoris\u00e9e avec variateur de vitesse et inversion du sens de rotation. P\u00e2le d&#8217;agitation pour brassage du lait et des cr\u00e8mes desserts. La vitesse lente permet de brasser le lait, la vitesse rapide les cr\u00e8mes desserts. Pasteurisateur, seau plongeant, thermostat et \u00e9lectrovannes non compris. Dimensions du support : 400 x 400 mm, hauteur 400 mm. Sur 4 pieds r\u00e9glables. Alimentation 230 V. 50 Htz.<\/p>\n","protected":false},"excerpt":{"rendered":"<p>44306<\/p>\n","protected":false},"featured_media":23741,"comment_status":"closed","ping_status":"closed","template":"","meta":{"_acf_changed":false},"product_brand":[],"product_cat":[1513],"product_tag":[],"class_list":{"0":"post-44306","1":"product","2":"type-product","3":"status-publish","4":"has-post-thumbnail","6":"product_cat-pequeno-pasteurizador","8":"first","9":"instock","10":"taxable","11":"shipping-taxable","12":"purchasable","13":"product-type-simple"},"acf":[],"_links":{"self":[{"href":"https:\/\/www.coquard.fr\/es\/wp-json\/wp\/v2\/product\/44306","targetHints":{"allow":["GET"]}}],"collection":[{"href":"https:\/\/www.coquard.fr\/es\/wp-json\/wp\/v2\/product"}],"about":[{"href":"https:\/\/www.coquard.fr\/es\/wp-json\/wp\/v2\/types\/product"}],"replies":[{"embeddable":true,"href":"https:\/\/www.coquard.fr\/es\/wp-json\/wp\/v2\/comments?post=44306"}],"wp:featuredmedia":[{"embeddable":true,"href":"https:\/\/www.coquard.fr\/es\/wp-json\/wp\/v2\/media\/23741"}],"wp:attachment":[{"href":"https:\/\/www.coquard.fr\/es\/wp-json\/wp\/v2\/media?parent=44306"}],"wp:term":[{"taxonomy":"product_brand","embeddable":true,"href":"https:\/\/www.coquard.fr\/es\/wp-json\/wp\/v2\/product_brand?post=44306"},{"taxonomy":"product_cat","embeddable":true,"href":"https:\/\/www.coquard.fr\/es\/wp-json\/wp\/v2\/product_cat?post=44306"},{"taxonomy":"product_tag","embeddable":true,"href":"https:\/\/www.coquard.fr\/es\/wp-json\/wp\/v2\/product_tag?post=44306"}],"curies":[{"name":"wp","href":"https:\/\/api.w.org\/{rel}","templated":true}]}}