{"id":44304,"date":"2020-07-17T10:40:09","date_gmt":"2020-07-17T08:40:09","guid":{"rendered":"https:\/\/www.coquard.fr\/produit\/traverse-dagitation-pour-marmite"},"modified":"2026-04-25T23:25:01","modified_gmt":"2026-04-25T21:25:01","slug":"traverse-dagitation-pour-marmite","status":"publish","type":"product","link":"https:\/\/www.coquard.fr\/es\/produit\/traverse-dagitation-pour-marmite","title":{"rendered":"TRAVESA\u00d1O DE MEZCLADO PARA MARMITA Y PEQUE\u00d1O CALDERO"},"content":{"rendered":"<p>Puente de agitaci\u00f3n motorizado que permite batir la leche (20 a 150 litros). Para marmita y caldero de di\u00e1metro 370 a 600 mm m\u00e1ximo. Agitaci\u00f3n 1 sentido de rotaci\u00f3n, 22 r.p.m. Alimentaci\u00f3n: 230 V &#8211; 50 Hz. Peso: 10 kg. Agitador adaptable seg\u00fan profundidad y di\u00e1metro del continente: indicar en el pedido.<\/p>\n","protected":false},"excerpt":{"rendered":"<p>44304<\/p>\n","protected":false},"featured_media":23153,"comment_status":"closed","ping_status":"closed","template":"","meta":{"_acf_changed":false},"product_brand":[],"product_cat":[1511],"product_tag":[],"class_list":{"0":"post-44304","1":"product","2":"type-product","3":"status-publish","4":"has-post-thumbnail","6":"product_cat-marmitas-y-calderos","8":"first","9":"instock","10":"taxable","11":"shipping-taxable","12":"purchasable","13":"product-type-simple"},"acf":[],"_links":{"self":[{"href":"https:\/\/www.coquard.fr\/es\/wp-json\/wp\/v2\/product\/44304","targetHints":{"allow":["GET"]}}],"collection":[{"href":"https:\/\/www.coquard.fr\/es\/wp-json\/wp\/v2\/product"}],"about":[{"href":"https:\/\/www.coquard.fr\/es\/wp-json\/wp\/v2\/types\/product"}],"replies":[{"embeddable":true,"href":"https:\/\/www.coquard.fr\/es\/wp-json\/wp\/v2\/comments?post=44304"}],"wp:featuredmedia":[{"embeddable":true,"href":"https:\/\/www.coquard.fr\/es\/wp-json\/wp\/v2\/media\/23153"}],"wp:attachment":[{"href":"https:\/\/www.coquard.fr\/es\/wp-json\/wp\/v2\/media?parent=44304"}],"wp:term":[{"taxonomy":"product_brand","embeddable":true,"href":"https:\/\/www.coquard.fr\/es\/wp-json\/wp\/v2\/product_brand?post=44304"},{"taxonomy":"product_cat","embeddable":true,"href":"https:\/\/www.coquard.fr\/es\/wp-json\/wp\/v2\/product_cat?post=44304"},{"taxonomy":"product_tag","embeddable":true,"href":"https:\/\/www.coquard.fr\/es\/wp-json\/wp\/v2\/product_tag?post=44304"}],"curies":[{"name":"wp","href":"https:\/\/api.w.org\/{rel}","templated":true}]}}