{"id":44302,"date":"2022-01-17T22:04:52","date_gmt":"2022-01-17T21:04:52","guid":{"rendered":"https:\/\/www.coquard.fr\/produit\/rechauffeur-electrique-aluminium"},"modified":"2026-01-08T14:48:41","modified_gmt":"2026-01-08T13:48:41","slug":"rechauffeur-electrique-aluminium","status":"publish","type":"product","link":"https:\/\/www.coquard.fr\/es\/produit\/rechauffeur-electrique-aluminium","title":{"rendered":"CALENTADOR ELECTRICO DE ALUMINIO"},"content":{"rendered":"<p>Calentador de leche que permite calentar de 20 a 100 litros de leche. Temperatura m\u00e1xima 70 a 80\u00b0C. Termostato mec\u00e1nico con precisi\u00f3n de \u00b1 5\u00b0C sobre 100 litros. Di\u00e1metro del fondo calefactor: 150 mm. Altura de inmersi\u00f3n: m\u00ednima 250 mm y m\u00e1xima 650 mm. Altura total: 900 mm. Potencia 2.300 W. Alimentaci\u00f3n 230 V &#8211; 50 Hz.<\/p>\n","protected":false},"excerpt":{"rendered":"<p>44302<\/p>\n","protected":false},"featured_media":23150,"comment_status":"closed","ping_status":"closed","template":"","meta":{"_acf_changed":false},"product_brand":[],"product_cat":[1520],"product_tag":[],"class_list":{"0":"post-44302","1":"product","2":"type-product","3":"status-publish","4":"has-post-thumbnail","6":"product_cat-calentamiento-de-la-leche","8":"first","9":"instock","10":"taxable","11":"shipping-taxable","12":"purchasable","13":"product-type-simple"},"acf":[],"_links":{"self":[{"href":"https:\/\/www.coquard.fr\/es\/wp-json\/wp\/v2\/product\/44302","targetHints":{"allow":["GET"]}}],"collection":[{"href":"https:\/\/www.coquard.fr\/es\/wp-json\/wp\/v2\/product"}],"about":[{"href":"https:\/\/www.coquard.fr\/es\/wp-json\/wp\/v2\/types\/product"}],"replies":[{"embeddable":true,"href":"https:\/\/www.coquard.fr\/es\/wp-json\/wp\/v2\/comments?post=44302"}],"wp:featuredmedia":[{"embeddable":true,"href":"https:\/\/www.coquard.fr\/es\/wp-json\/wp\/v2\/media\/23150"}],"wp:attachment":[{"href":"https:\/\/www.coquard.fr\/es\/wp-json\/wp\/v2\/media?parent=44302"}],"wp:term":[{"taxonomy":"product_brand","embeddable":true,"href":"https:\/\/www.coquard.fr\/es\/wp-json\/wp\/v2\/product_brand?post=44302"},{"taxonomy":"product_cat","embeddable":true,"href":"https:\/\/www.coquard.fr\/es\/wp-json\/wp\/v2\/product_cat?post=44302"},{"taxonomy":"product_tag","embeddable":true,"href":"https:\/\/www.coquard.fr\/es\/wp-json\/wp\/v2\/product_tag?post=44302"}],"curies":[{"name":"wp","href":"https:\/\/api.w.org\/{rel}","templated":true}]}}