{"id":44259,"date":"2022-01-17T22:03:34","date_gmt":"2022-01-17T21:03:34","guid":{"rendered":"https:\/\/www.coquard.fr\/produit\/bouchon-plastique-sms-femelle-38"},"modified":"2026-01-30T13:06:14","modified_gmt":"2026-01-30T12:06:14","slug":"bouchon-plastique-sms-femelle-38","status":"publish","type":"product","link":"https:\/\/www.coquard.fr\/es\/produit\/bouchon-plastique-sms-femelle-38","title":{"rendered":"TAP\u00d3N DE PL\u00c1STICO SMS HEMBRA 38"},"content":{"rendered":"<p>Tap\u00f3n de pl\u00e1stico SMS 38 hembra.<\/p>\n","protected":false},"excerpt":{"rendered":"<p>44259<\/p>\n","protected":false},"featured_media":24008,"comment_status":"closed","ping_status":"closed","template":"","meta":{"_acf_changed":false},"product_brand":[],"product_cat":[1516],"product_tag":[],"class_list":{"0":"post-44259","1":"product","2":"type-product","3":"status-publish","4":"has-post-thumbnail","6":"product_cat-bombas-conexiones-y-mangueras","8":"first","9":"instock","10":"taxable","11":"shipping-taxable","12":"purchasable","13":"product-type-simple"},"acf":[],"_links":{"self":[{"href":"https:\/\/www.coquard.fr\/es\/wp-json\/wp\/v2\/product\/44259","targetHints":{"allow":["GET"]}}],"collection":[{"href":"https:\/\/www.coquard.fr\/es\/wp-json\/wp\/v2\/product"}],"about":[{"href":"https:\/\/www.coquard.fr\/es\/wp-json\/wp\/v2\/types\/product"}],"replies":[{"embeddable":true,"href":"https:\/\/www.coquard.fr\/es\/wp-json\/wp\/v2\/comments?post=44259"}],"wp:featuredmedia":[{"embeddable":true,"href":"https:\/\/www.coquard.fr\/es\/wp-json\/wp\/v2\/media\/24008"}],"wp:attachment":[{"href":"https:\/\/www.coquard.fr\/es\/wp-json\/wp\/v2\/media?parent=44259"}],"wp:term":[{"taxonomy":"product_brand","embeddable":true,"href":"https:\/\/www.coquard.fr\/es\/wp-json\/wp\/v2\/product_brand?post=44259"},{"taxonomy":"product_cat","embeddable":true,"href":"https:\/\/www.coquard.fr\/es\/wp-json\/wp\/v2\/product_cat?post=44259"},{"taxonomy":"product_tag","embeddable":true,"href":"https:\/\/www.coquard.fr\/es\/wp-json\/wp\/v2\/product_tag?post=44259"}],"curies":[{"name":"wp","href":"https:\/\/api.w.org\/{rel}","templated":true}]}}