{"id":44241,"date":"2022-01-14T22:04:08","date_gmt":"2022-01-14T21:04:08","guid":{"rendered":"https:\/\/www.coquard.fr\/produit\/pompe-de-transfert-de-lait-17l-minute"},"modified":"2026-01-08T14:43:49","modified_gmt":"2026-01-08T13:43:49","slug":"pompe-de-transfert-de-lait-17l-minute","status":"publish","type":"product","link":"https:\/\/www.coquard.fr\/es\/produit\/pompe-de-transfert-de-lait-17l-minute","title":{"rendered":"BOMBA DE TRASIEGO DE LECHE 17 LITROS\/MINUTO"},"content":{"rendered":"<p>Bomba apta para alimentar una descremadora o una acondicionadora. Alimentaci\u00f3n monof\u00e1sica: 230 V, 50 Hz. Potencia: 0,37kW. Cuerpo de bomba en acero inoxidable. Entrada y salida en SMS 25 macho. Rotaci\u00f3n lenta con inversor, impulsor de EPDM. Cebadura f\u00e1cil, aunque deber\u00e1 evitarse el funcionamiento en seco.<\/p>\n","protected":false},"excerpt":{"rendered":"<p>44241<\/p>\n","protected":false},"featured_media":23054,"comment_status":"closed","ping_status":"closed","template":"","meta":{"_acf_changed":false},"product_brand":[],"product_cat":[1516],"product_tag":[],"class_list":{"0":"post-44241","1":"product","2":"type-product","3":"status-publish","4":"has-post-thumbnail","6":"product_cat-bombas-conexiones-y-mangueras","8":"first","9":"instock","10":"taxable","11":"shipping-taxable","12":"purchasable","13":"product-type-simple"},"acf":[],"_links":{"self":[{"href":"https:\/\/www.coquard.fr\/es\/wp-json\/wp\/v2\/product\/44241","targetHints":{"allow":["GET"]}}],"collection":[{"href":"https:\/\/www.coquard.fr\/es\/wp-json\/wp\/v2\/product"}],"about":[{"href":"https:\/\/www.coquard.fr\/es\/wp-json\/wp\/v2\/types\/product"}],"replies":[{"embeddable":true,"href":"https:\/\/www.coquard.fr\/es\/wp-json\/wp\/v2\/comments?post=44241"}],"wp:featuredmedia":[{"embeddable":true,"href":"https:\/\/www.coquard.fr\/es\/wp-json\/wp\/v2\/media\/23054"}],"wp:attachment":[{"href":"https:\/\/www.coquard.fr\/es\/wp-json\/wp\/v2\/media?parent=44241"}],"wp:term":[{"taxonomy":"product_brand","embeddable":true,"href":"https:\/\/www.coquard.fr\/es\/wp-json\/wp\/v2\/product_brand?post=44241"},{"taxonomy":"product_cat","embeddable":true,"href":"https:\/\/www.coquard.fr\/es\/wp-json\/wp\/v2\/product_cat?post=44241"},{"taxonomy":"product_tag","embeddable":true,"href":"https:\/\/www.coquard.fr\/es\/wp-json\/wp\/v2\/product_tag?post=44241"}],"curies":[{"name":"wp","href":"https:\/\/api.w.org\/{rel}","templated":true}]}}