{"id":44239,"date":"2022-01-17T22:03:13","date_gmt":"2022-01-17T21:03:13","guid":{"rendered":"https:\/\/www.coquard.fr\/produit\/pompe-de-transfert-de-lait-300-a-100-l-minute"},"modified":"2026-01-08T14:43:43","modified_gmt":"2026-01-08T13:43:43","slug":"pompe-de-transfert-de-lait-300-a-100-l-minute","status":"publish","type":"product","link":"https:\/\/www.coquard.fr\/es\/produit\/pompe-de-transfert-de-lait-300-a-100-l-minute","title":{"rendered":"BOMBA DE TRASIEGO DE LECHE 300 A 100 LITROS\/MINUTO"},"content":{"rendered":"<p>Bomba centr\u00edfuga de turbina, acero inoxidable. Acero inoxidable 316 L. Caudal: 300 a 100 litros\/minuto seg\u00fan p\u00e9rdida de carga. Un \u00fanico sentido de rotaci\u00f3n, descubierta sin interruptor. Conexi\u00f3n a la aspiraci\u00f3n en SMS 38 y a la descarga en SMS 38. Bomba no autoaspirante. Alimentaci\u00f3n trif\u00e1sica: 380 Voltios.<\/p>\n","protected":false},"excerpt":{"rendered":"<p>44239<\/p>\n","protected":false},"featured_media":23690,"comment_status":"closed","ping_status":"closed","template":"","meta":{"_acf_changed":false},"product_brand":[],"product_cat":[1516],"product_tag":[],"class_list":{"0":"post-44239","1":"product","2":"type-product","3":"status-publish","4":"has-post-thumbnail","6":"product_cat-bombas-conexiones-y-mangueras","8":"first","9":"instock","10":"taxable","11":"shipping-taxable","12":"purchasable","13":"product-type-simple"},"acf":[],"_links":{"self":[{"href":"https:\/\/www.coquard.fr\/es\/wp-json\/wp\/v2\/product\/44239","targetHints":{"allow":["GET"]}}],"collection":[{"href":"https:\/\/www.coquard.fr\/es\/wp-json\/wp\/v2\/product"}],"about":[{"href":"https:\/\/www.coquard.fr\/es\/wp-json\/wp\/v2\/types\/product"}],"replies":[{"embeddable":true,"href":"https:\/\/www.coquard.fr\/es\/wp-json\/wp\/v2\/comments?post=44239"}],"wp:featuredmedia":[{"embeddable":true,"href":"https:\/\/www.coquard.fr\/es\/wp-json\/wp\/v2\/media\/23690"}],"wp:attachment":[{"href":"https:\/\/www.coquard.fr\/es\/wp-json\/wp\/v2\/media?parent=44239"}],"wp:term":[{"taxonomy":"product_brand","embeddable":true,"href":"https:\/\/www.coquard.fr\/es\/wp-json\/wp\/v2\/product_brand?post=44239"},{"taxonomy":"product_cat","embeddable":true,"href":"https:\/\/www.coquard.fr\/es\/wp-json\/wp\/v2\/product_cat?post=44239"},{"taxonomy":"product_tag","embeddable":true,"href":"https:\/\/www.coquard.fr\/es\/wp-json\/wp\/v2\/product_tag?post=44239"}],"curies":[{"name":"wp","href":"https:\/\/api.w.org\/{rel}","templated":true}]}}