{"id":44233,"date":"2022-01-17T22:02:59","date_gmt":"2022-01-17T21:02:59","guid":{"rendered":"https:\/\/www.coquard.fr\/produit\/pompe-64l-minute-produits-liquides-et-visqueux"},"modified":"2026-01-08T14:43:32","modified_gmt":"2026-01-08T13:43:32","slug":"pompe-64l-minute-produits-liquides-et-visqueux","status":"publish","type":"product","link":"https:\/\/www.coquard.fr\/es\/produit\/pompe-64l-minute-produits-liquides-et-visqueux","title":{"rendered":"BOMBA 64 L\/MINUTO \u2013 PRODUCTOS L\u00cdQUIDOS Y VISCOSOS"},"content":{"rendered":"<p>Bomba para productos l\u00edquidos y viscosos. Caudal: 64 litros\/minuto. Alimentaci\u00f3n monof\u00e1sica: 230 V, 50\/60 Hz. Potencia: 0,56 kW. Entrada y salida macho SMS 38 mm. Rotaci\u00f3n lenta con inversor, impulsor de EPDM. Cebadura f\u00e1cil, aunque deber\u00e1 evitarse, ante todo, el funcionamiento en seco.<\/p>\n","protected":false},"excerpt":{"rendered":"<p>44233<\/p>\n","protected":false},"featured_media":23687,"comment_status":"closed","ping_status":"closed","template":"","meta":{"_acf_changed":false},"product_brand":[],"product_cat":[1516],"product_tag":[],"class_list":{"0":"post-44233","1":"product","2":"type-product","3":"status-publish","4":"has-post-thumbnail","6":"product_cat-bombas-conexiones-y-mangueras","8":"first","9":"instock","10":"taxable","11":"shipping-taxable","12":"purchasable","13":"product-type-simple"},"acf":[],"_links":{"self":[{"href":"https:\/\/www.coquard.fr\/es\/wp-json\/wp\/v2\/product\/44233","targetHints":{"allow":["GET"]}}],"collection":[{"href":"https:\/\/www.coquard.fr\/es\/wp-json\/wp\/v2\/product"}],"about":[{"href":"https:\/\/www.coquard.fr\/es\/wp-json\/wp\/v2\/types\/product"}],"replies":[{"embeddable":true,"href":"https:\/\/www.coquard.fr\/es\/wp-json\/wp\/v2\/comments?post=44233"}],"wp:featuredmedia":[{"embeddable":true,"href":"https:\/\/www.coquard.fr\/es\/wp-json\/wp\/v2\/media\/23687"}],"wp:attachment":[{"href":"https:\/\/www.coquard.fr\/es\/wp-json\/wp\/v2\/media?parent=44233"}],"wp:term":[{"taxonomy":"product_brand","embeddable":true,"href":"https:\/\/www.coquard.fr\/es\/wp-json\/wp\/v2\/product_brand?post=44233"},{"taxonomy":"product_cat","embeddable":true,"href":"https:\/\/www.coquard.fr\/es\/wp-json\/wp\/v2\/product_cat?post=44233"},{"taxonomy":"product_tag","embeddable":true,"href":"https:\/\/www.coquard.fr\/es\/wp-json\/wp\/v2\/product_tag?post=44233"}],"curies":[{"name":"wp","href":"https:\/\/api.w.org\/{rel}","templated":true}]}}